{"id":975,"date":"2016-08-27T14:18:17","date_gmt":"2016-08-27T14:18:17","guid":{"rendered":"http:\/\/www.anfibiotgr.cl\/web\/?page_id=975"},"modified":"2019-07-17T17:33:17","modified_gmt":"2019-07-17T17:33:17","slug":"politica-integrada","status":"publish","type":"page","link":"https:\/\/www.anfibiotgr.cl\/web\/quienes-somos\/politica-integrada\/","title":{"rendered":"Pol\u00edtica Integrada"},"content":{"rendered":"<div id=\"pl-975\"  class=\"panel-layout\" ><div id=\"pg-975-0\"  class=\"panel-grid panel-no-style\" ><div id=\"pgc-975-0-0\"  class=\"panel-grid-cell\" ><div id=\"panel-975-0-0-0\" class=\"so-panel widget widget_sow-editor panel-first-child panel-last-child\" data-index=\"0\" ><div\n\t\t\t\n\t\t\tclass=\"so-widget-sow-editor so-widget-sow-editor-base\"\n\t\t\t\n\t\t>\n<div class=\"siteorigin-widget-tinymce textwidget\">\n\t<p style=\"text-align: center;\"><strong>Pol\u00edtica Integral de Calidad, Seguridad, Salud Ocupacional y Medio Ambiente.<\/strong><\/p>\n<p style=\"text-align: right;\"><em>(versi\u00f3n: 00, Sistema de Gesti\u00f3n Integrado)<\/em><\/p>\n<p style=\"text-align: justify;\">ANFIBIO LTDA., est\u00e1 comprometida a mantener una Pol\u00edtica Integral de Calidad, Gesti\u00f3n Ambiental, Seguridad y Salud Ocupacional en todos los trabajos de servicios de Transporte, Gesti\u00f3n de Residuos, suministros de equipos e insumos y asesor\u00edas que realiza a nivel nacional.<\/p>\n<p style=\"text-align: justify;\">Nuestra pol\u00edtica integrada de gesti\u00f3n implica un profundo compromiso de ANFIBIO LTDA., por ofrecer la mejor calidad de los productos y servicios hacia nuestros clientes, garantizando la integridad al interior de nuestra organizaci\u00f3n, defendiendo constantemente: la calidad de los procesos, la salud y seguridad de nuestros trabajadores y la preocupaci\u00f3n por el medio ambiente.<\/p>\n<p style=\"text-align: justify;\">Para cumplir con \u00e9xito los Compromisos de esta Pol\u00edtica Integral es necesario:<\/p>\n<ul>\n<li style=\"text-align: justify;\">Velar peri\u00f3dicamente por el cumplimiento de los requisitos del cliente, legales y reglamentarios aplicables y aquellos que se someten voluntariamente relacionados con la calidad, seguridad y medio ambiente.<\/li>\n<li style=\"text-align: justify;\">Optimizar y mejorar nuestra infraestructura, teniendo presente el aumento de la capacidad de servicio y el control de los aspectos ambientales significativos.<\/li>\n<li style=\"text-align: justify;\">Mantener permanentemente el desempe\u00f1o y la gesti\u00f3n del sistema de gesti\u00f3n integrado.<\/li>\n<li style=\"text-align: justify;\">Identificar, valorar, controlar y disminuir el nivel de los factores de riesgo presentes en cada puesto de trabajo para prevenir los accidentes de trabajo y las enfermedades profesionales. Desarrollando una cultura de conducta responsable, compartida por nuestros empleados, clientes, proveedores, contratistas y comunidad general.<\/li>\n<li style=\"text-align: justify;\">Prevenir la contaminaci\u00f3n, mediante el control de los aspectos ambientales en las actividades, y en la prestaci\u00f3n de nuestros servicios.<\/li>\n<\/ul>\n<p style=\"text-align: justify;\">Esta pol\u00edtica de Calidad, Gesti\u00f3n Ambiental, Seguridad y Salud Ocupacional deber ser conocida y practicada por todas las personas que conforman la empresa, por lo cual ser\u00e1 actualizada, divulgada y comunicada y adem\u00e1s estar\u00e1 disponible para todos nuestros, clientes, colaboradores y grupos de inter\u00e9s.<\/p>\n<p><img loading=\"lazy\" decoding=\"async\" class=\"aligncenter size-full wp-image-401\" src=\"http:\/\/www.anfibiotgr.cl\/web\/wp-content\/uploads\/2016\/01\/minilogo.png\" alt=\"minilogo\" width=\"320\" height=\"80\" srcset=\"https:\/\/www.anfibiotgr.cl\/web\/wp-content\/uploads\/2016\/01\/minilogo.png 320w, https:\/\/www.anfibiotgr.cl\/web\/wp-content\/uploads\/2016\/01\/minilogo-300x75.png 300w\" sizes=\"auto, (max-width: 320px) 100vw, 320px\" \/><\/p>\n<\/div>\n<\/div><\/div><\/div><\/div><\/div>","protected":false},"excerpt":{"rendered":"<p>Pol\u00edtica Integral de Calidad, Seguridad, Salud Ocupacional y Medio Ambiente. (versi\u00f3n: 00, Sistema de Gesti\u00f3n Integrado) ANFIBIO LTDA., est\u00e1 comprometida a mantener una Pol\u00edtica Integral de Calidad, Gesti\u00f3n Ambiental, Seguridad y Salud Ocupacional en todos los trabajos de servicios de Transporte, Gesti\u00f3n de Residuos, suministros de equipos e insumos y asesor\u00edas que realiza a nivel [&hellip;]<\/p>\n","protected":false},"author":2,"featured_media":0,"parent":7,"menu_order":0,"comment_status":"closed","ping_status":"closed","template":"","meta":{"footnotes":""},"class_list":["post-975","page","type-page","status-publish","hentry"],"_links":{"self":[{"href":"https:\/\/www.anfibiotgr.cl\/web\/wp-json\/wp\/v2\/pages\/975","targetHints":{"allow":["GET"]}}],"collection":[{"href":"https:\/\/www.anfibiotgr.cl\/web\/wp-json\/wp\/v2\/pages"}],"about":[{"href":"https:\/\/www.anfibiotgr.cl\/web\/wp-json\/wp\/v2\/types\/page"}],"author":[{"embeddable":true,"href":"https:\/\/www.anfibiotgr.cl\/web\/wp-json\/wp\/v2\/users\/2"}],"replies":[{"embeddable":true,"href":"https:\/\/www.anfibiotgr.cl\/web\/wp-json\/wp\/v2\/comments?post=975"}],"version-history":[{"count":7,"href":"https:\/\/www.anfibiotgr.cl\/web\/wp-json\/wp\/v2\/pages\/975\/revisions"}],"predecessor-version":[{"id":2247,"href":"https:\/\/www.anfibiotgr.cl\/web\/wp-json\/wp\/v2\/pages\/975\/revisions\/2247"}],"up":[{"embeddable":true,"href":"https:\/\/www.anfibiotgr.cl\/web\/wp-json\/wp\/v2\/pages\/7"}],"wp:attachment":[{"href":"https:\/\/www.anfibiotgr.cl\/web\/wp-json\/wp\/v2\/media?parent=975"}],"curies":[{"name":"wp","href":"https:\/\/api.w.org\/{rel}","templated":true}]}}