{"id":6,"date":"2016-01-14T15:37:55","date_gmt":"2016-01-14T15:37:55","guid":{"rendered":"http:\/\/www.anfibiotgr.cl\/web\/inicio\/"},"modified":"2021-01-20T14:11:27","modified_gmt":"2021-01-20T14:11:27","slug":"inicio","status":"publish","type":"page","link":"https:\/\/www.anfibiotgr.cl\/web\/","title":{"rendered":"\u00a1Gesti\u00f3n de residuos al alcance de todos!"},"content":{"rendered":"<div id=\"pl-6\"  class=\"panel-layout\" ><div id=\"pg-6-0\"  class=\"panel-grid panel-no-style\" ><div id=\"pgc-6-0-0\"  class=\"panel-grid-cell\" ><div id=\"panel-6-0-0-0\" class=\"so-panel widget widget_sow-editor panel-first-child panel-last-child\" data-index=\"0\" ><div class=\"margen_interior  panel-widget-style panel-widget-style-for-6-0-0-0\" ><div\n\t\t\t\n\t\t\tclass=\"so-widget-sow-editor so-widget-sow-editor-base\"\n\t\t\t\n\t\t>\n<div class=\"siteorigin-widget-tinymce textwidget\">\n\t<h4 style=\"text-align: center;\">\u00a1Bienvenidos!<\/h4>\n<p style=\"text-align: center;\">Innumerables son las formas de contaminaci\u00f3n.<\/p>\n<p style=\"text-align: center;\">Innumerables son las consecuencias que se provocan.<\/p>\n<p style=\"text-align: center;\">Innumerables son las actividades que podemos realizar para evitar el da\u00f1o a las personas y al medio ambiente.<\/p>\n<p style=\"text-align: center;\">Nuestro servicio es nuestra forma de contribuir con la reducci\u00f3n del riesgo inherente a la generaci\u00f3n de residuos en actividades de personas y empresas d\u00eda a d\u00eda.\u00a0El\u00a0manejo correcto de residuos tiene por objeto velar por la seguridad de la comunidad, y por otra parte promover el desarrollo sustentable y sostenible en el tiempo.<\/p>\n<\/div>\n<\/div><\/div><\/div><\/div><\/div><div id=\"pg-6-1\"  class=\"panel-grid panel-has-style\" ><div class=\"recuadroverde siteorigin-panels-stretch panel-row-style panel-row-style-for-6-1\" data-stretch-type=\"full\" ><div id=\"pgc-6-1-0\"  class=\"panel-grid-cell\" ><div id=\"panel-6-1-0-0\" class=\"so-panel widget widget_sow-editor panel-first-child panel-last-child\" data-index=\"1\" ><div class=\"margen_interior panel-widget-style panel-widget-style-for-6-1-0-0\" ><div\n\t\t\t\n\t\t\tclass=\"so-widget-sow-editor so-widget-sow-editor-base\"\n\t\t\t\n\t\t>\n<div class=\"siteorigin-widget-tinymce textwidget\">\n\t<h1><strong><span style=\"color: #ffffff;\">Nuestros Servicios<\/span><br \/><\/strong><\/h1>\n<\/div>\n<\/div><\/div><\/div><\/div><\/div><\/div><div id=\"pg-6-2\"  class=\"panel-grid panel-has-style\" ><div class=\"recuadroverde siteorigin-panels-stretch panel-row-style panel-row-style-for-6-2\" data-stretch-type=\"full\" ><div id=\"pgc-6-2-0\"  class=\"panel-grid-cell\" ><div id=\"panel-6-2-0-0\" class=\"so-panel widget widget_sow-editor panel-first-child\" data-index=\"2\" ><div class=\"servicio s1 panel-widget-style panel-widget-style-for-6-2-0-0\" ><div\n\t\t\t\n\t\t\tclass=\"so-widget-sow-editor so-widget-sow-editor-base\"\n\t\t\t\n\t\t><h3 class=\"widget-title\">Residuos Especiales<\/h3>\n<div class=\"siteorigin-widget-tinymce textwidget\">\n\t<p><img loading=\"lazy\" decoding=\"async\" class=\"aligncenter wp-image-90 size-full\" src=\"http:\/\/www.anfibiotgr.cl\/web\/wp-content\/uploads\/2016\/01\/ico_res_esp.jpg\" alt=\"ico_res_esp\" width=\"365\" height=\"163\" srcset=\"https:\/\/www.anfibiotgr.cl\/web\/wp-content\/uploads\/2016\/01\/ico_res_esp.jpg 365w, https:\/\/www.anfibiotgr.cl\/web\/wp-content\/uploads\/2016\/01\/ico_res_esp-300x134.jpg 300w\" sizes=\"auto, (max-width: 365px) 100vw, 365px\" \/><\/p>\n<p style=\"text-align: center;\">Gestionamos\u00a0residuos originados en Hospitales, Consultas Dentales, Estudios de Tatuajes, Universidades, Cl\u00ednicas Veterinarias, entre otros.<\/p>\n<p><a href=\"http:\/\/www.anfibiotgr.cl\/web\/servicios\/gestion-de-residuos-especiales\/\">M\u00e1s Informaci\u00f3n<\/a><\/p>\n<\/div>\n<\/div><\/div><\/div><div id=\"panel-6-2-0-1\" class=\"so-panel widget widget_sow-editor panel-last-child\" data-index=\"3\" ><div class=\"servicio s4 panel-widget-style panel-widget-style-for-6-2-0-1\" ><div\n\t\t\t\n\t\t\tclass=\"so-widget-sow-editor so-widget-sow-editor-base\"\n\t\t\t\n\t\t><h3 class=\"widget-title\">Transporte y Asesor\u00edas<\/h3>\n<div class=\"siteorigin-widget-tinymce textwidget\">\n\t<p><img loading=\"lazy\" decoding=\"async\" class=\"aligncenter wp-image-31 size-full\" src=\"http:\/\/www.anfibiotgr.cl\/web\/wp-content\/uploads\/2016\/01\/ico_asesorias.jpg\" alt=\"ico_asesorias\" width=\"365\" height=\"163\" srcset=\"https:\/\/www.anfibiotgr.cl\/web\/wp-content\/uploads\/2016\/01\/ico_asesorias.jpg 365w, https:\/\/www.anfibiotgr.cl\/web\/wp-content\/uploads\/2016\/01\/ico_asesorias-300x134.jpg 300w\" sizes=\"auto, (max-width: 365px) 100vw, 365px\" \/><\/p>\n<p style=\"text-align: center;\">Realizamos transporte de carga general, refrigerada y de residuos.<br \/>Nuestro equipo de trabajo podr\u00e1 colaborar en tr\u00e1mites de obtenci\u00f3n de Autorizaciones Sanitarias en diversos \u00e1mbitos.\u00a0<\/p>\n<p style=\"text-align: center;\"><a href=\"http:\/\/www.anfibiotgr.cl\/web\/servicios\/asesorias\/\">M\u00e1s Informaci\u00f3n<\/a><\/p>\n<\/div>\n<\/div><\/div><\/div><\/div><div id=\"pgc-6-2-1\"  class=\"panel-grid-cell\" ><div id=\"panel-6-2-1-0\" class=\"so-panel widget widget_sow-editor panel-first-child\" data-index=\"4\" ><div class=\"servicio s2 panel-widget-style panel-widget-style-for-6-2-1-0\" ><div\n\t\t\t\n\t\t\tclass=\"so-widget-sow-editor so-widget-sow-editor-base\"\n\t\t\t\n\t\t><h3 class=\"widget-title\">Residuos Peligrosos<\/h3>\n<div class=\"siteorigin-widget-tinymce textwidget\">\n\t<p><img loading=\"lazy\" decoding=\"async\" class=\"aligncenter wp-image-88 size-full\" src=\"http:\/\/www.anfibiotgr.cl\/web\/wp-content\/uploads\/2016\/01\/ico_res_peli.jpg\" alt=\"ico_res_peli\" width=\"365\" height=\"163\" srcset=\"https:\/\/www.anfibiotgr.cl\/web\/wp-content\/uploads\/2016\/01\/ico_res_peli.jpg 365w, https:\/\/www.anfibiotgr.cl\/web\/wp-content\/uploads\/2016\/01\/ico_res_peli-300x134.jpg 300w\" sizes=\"auto, (max-width: 365px) 100vw, 365px\" \/><\/p>\n<p style=\"text-align: center;\">Gestionamos residuos t\u00f3xicos,\u00a0corrosivos, inflamables y reactivos, tales como pilas, bater\u00edas, tubos fluorescentes, formaldeh\u00eddo, xilol, etc.<\/p>\n<p><a href=\"http:\/\/www.anfibiotgr.cl\/web\/servicios\/gestion-de-residuos-peligrosos\/\">M\u00e1s Informaci\u00f3n<\/a><\/p>\n<\/div>\n<\/div><\/div><\/div><div id=\"panel-6-2-1-1\" class=\"so-panel widget widget_sow-editor panel-last-child\" data-index=\"5\" ><div class=\"servicio s5 panel-widget-style panel-widget-style-for-6-2-1-1\" ><div\n\t\t\t\n\t\t\tclass=\"so-widget-sow-editor so-widget-sow-editor-base\"\n\t\t\t\n\t\t><h3 class=\"widget-title\">Insumos y Traslado de Pacientes<\/h3>\n<div class=\"siteorigin-widget-tinymce textwidget\">\n\t<p><img loading=\"lazy\" decoding=\"async\" class=\"aligncenter wp-image-30 size-full\" src=\"http:\/\/www.anfibiotgr.cl\/web\/wp-content\/uploads\/2016\/01\/ico_ambulancia-1.jpg\" alt=\"ico_ambulancia-1\" width=\"365\" height=\"163\" srcset=\"https:\/\/www.anfibiotgr.cl\/web\/wp-content\/uploads\/2016\/01\/ico_ambulancia-1.jpg 365w, https:\/\/www.anfibiotgr.cl\/web\/wp-content\/uploads\/2016\/01\/ico_ambulancia-1-300x134.jpg 300w\" sizes=\"auto, (max-width: 365px) 100vw, 365px\" \/><\/p>\n<p style=\"text-align: center;\">Anfibio, a trav\u00e9s de su Administradora de Servicios Integrados Menval Limitada, tiene a su disposici\u00f3n un servicio de transporte de pacientes\u00a0entre Hospitales, Cl\u00ednicas y Domicilios.<\/p>\n<p style=\"text-align: center;\"><a href=\"http:\/\/www.anfibiotgr.cl\/web\/servicios\/insumos-y-traslado-de-pacientes\/\">M\u00e1s Informaci\u00f3n<\/a><\/p>\n<\/div>\n<\/div><\/div><\/div><\/div><div id=\"pgc-6-2-2\"  class=\"panel-grid-cell\" ><div id=\"panel-6-2-2-0\" class=\"so-panel widget widget_sow-editor panel-first-child\" data-index=\"6\" ><div class=\"servicio s3 panel-widget-style panel-widget-style-for-6-2-2-0\" ><div\n\t\t\t\n\t\t\tclass=\"so-widget-sow-editor so-widget-sow-editor-base\"\n\t\t\t\n\t\t><h3 class=\"widget-title\">Tratamiento de Residuos<\/h3>\n<div class=\"siteorigin-widget-tinymce textwidget\">\n\t<p><img loading=\"lazy\" decoding=\"async\" class=\"size-medium wp-image-23 aligncenter\" src=\"http:\/\/www.anfibiotgr.cl\/web\/wp-content\/uploads\/2016\/01\/ico_tratamiento-300x134.jpg\" alt=\"ico_tratamiento\" width=\"300\" height=\"134\" srcset=\"https:\/\/www.anfibiotgr.cl\/web\/wp-content\/uploads\/2016\/01\/ico_tratamiento-300x134.jpg 300w, https:\/\/www.anfibiotgr.cl\/web\/wp-content\/uploads\/2016\/01\/ico_tratamiento.jpg 365w\" sizes=\"auto, (max-width: 300px) 100vw, 300px\" \/><\/p>\n<p style=\"text-align: center;\">Tratamiento de Residuos Cortopuzantes, Patol\u00f3gicos, Sangre y sus Derivados con tecnolog\u00eda de punta, amigable con el Medio Ambiente.<\/p>\n<p><a href=\"http:\/\/www.anfibiotgr.cl\/web\/servicios\/tratamiento-de-residuos\/\">M\u00e1s Informaci\u00f3n<\/a><\/p>\n<\/div>\n<\/div><\/div><\/div><div id=\"panel-6-2-2-1\" class=\"so-panel widget widget_sow-editor panel-last-child\" data-index=\"7\" ><div class=\"servicio s6 panel-widget-style panel-widget-style-for-6-2-2-1\" ><div\n\t\t\t\n\t\t\tclass=\"so-widget-sow-editor so-widget-sow-editor-base\"\n\t\t\t\n\t\t><h3 class=\"widget-title\">Secci\u00f3n Deportes<\/h3>\n<div class=\"siteorigin-widget-tinymce textwidget\">\n\t<p><img loading=\"lazy\" decoding=\"async\" class=\"aligncenter wp-image-108 size-full\" src=\"http:\/\/www.anfibiotgr.cl\/web\/wp-content\/uploads\/2016\/01\/ico_deporte.jpg\" alt=\"ico_deporte\" width=\"365\" height=\"163\" srcset=\"https:\/\/www.anfibiotgr.cl\/web\/wp-content\/uploads\/2016\/01\/ico_deporte.jpg 365w, https:\/\/www.anfibiotgr.cl\/web\/wp-content\/uploads\/2016\/01\/ico_deporte-300x134.jpg 300w\" sizes=\"auto, (max-width: 365px) 100vw, 365px\" \/><\/p>\n<p style=\"text-align: center;\">Promovemos las actividades en contacto con la naturaleza, colaborando con la producci\u00f3n de eventos deportivos junto a un gran equipo regional.<\/p>\n<p style=\"text-align: center;\"><a href=\"http:\/\/www.anfibiotgr.cl\/web\/servicios\/deportes\/\">M\u00e1s Informaci\u00f3n<\/a><\/p>\n<\/div>\n<\/div><\/div><\/div><\/div><\/div><\/div><div id=\"pg-6-3\"  class=\"panel-grid panel-has-style\" ><div class=\"siteorigin-panels-stretch panel-row-style panel-row-style-for-6-3\" data-stretch-type=\"full\" ><div id=\"pgc-6-3-0\"  class=\"panel-grid-cell\" ><div id=\"panel-6-3-0-0\" class=\"so-panel widget widget_sow-editor panel-first-child panel-last-child\" data-index=\"8\" ><div class=\"panel-widget-style panel-widget-style-for-6-3-0-0\" ><div\n\t\t\t\n\t\t\tclass=\"so-widget-sow-editor so-widget-sow-editor-base\"\n\t\t\t\n\t\t>\n<div class=\"siteorigin-widget-tinymce textwidget\">\n\t<h1 style=\"text-align: center;\"><strong>\u00bfD\u00f3nde nos encontramos?<\/strong><\/h1>\n<\/div>\n<\/div><\/div><\/div><\/div><\/div><\/div><div id=\"pg-6-4\"  class=\"panel-grid panel-has-style\" ><div class=\"siteorigin-panels-stretch panel-row-style panel-row-style-for-6-4\" data-stretch-type=\"full-stretched\" ><div id=\"pgc-6-4-0\"  class=\"panel-grid-cell\" ><div id=\"panel-6-4-0-0\" class=\"so-panel widget widget_sow-editor panel-first-child panel-last-child\" data-index=\"9\" ><div\n\t\t\t\n\t\t\tclass=\"so-widget-sow-editor so-widget-sow-editor-base\"\n\t\t\t\n\t\t>\n<div class=\"siteorigin-widget-tinymce textwidget\">\n\t<p><iframe loading=\"lazy\" src=\"https:\/\/www.google.com\/maps\/embed?pb=!1m18!1m12!1m3!1d3458.2884908006827!2d-71.21478338559832!3d-29.913595781930127!2m3!1f0!2f0!3f0!3m2!1i1024!2i768!4f13.1!3m3!1m2!1s0x9691cac0fb094f2f%3A0x816809d9b496b77b!2sPanor%C3%A1mica%204391%2C%20La%20Serena%2C%20Coquimbo!5e0!3m2!1ses-419!2scl!4v1611151669058!5m2!1ses-419!2scl\" width=\"100%\" height=\"450\" frameborder=\"0\" style=\"border:0;\" allowfullscreen=\"\" aria-hidden=\"false\" tabindex=\"0\"><\/iframe><\/p>\n<\/div>\n<\/div><\/div><\/div><\/div><\/div><\/div>","protected":false},"excerpt":{"rendered":"<p>\u00a1Bienvenidos!Innumerables son las formas de contaminaci\u00f3n.Innumerables son las consecuencias que se provocan.Innumerables son las actividades que podemos realizar para evitar el da\u00f1o a las personas y al medio ambiente.Nuestro servicio es nuestra forma de contribuir con la reducci\u00f3n del riesgo inherente a la generaci\u00f3n de residuos en actividades de personas y empresas d\u00eda a d\u00eda.\u00a0El\u00a0manejo [&hellip;]<\/p>\n","protected":false},"author":1,"featured_media":0,"parent":0,"menu_order":1,"comment_status":"closed","ping_status":"closed","template":"","meta":{"footnotes":""},"class_list":["post-6","page","type-page","status-publish","hentry"],"_links":{"self":[{"href":"https:\/\/www.anfibiotgr.cl\/web\/wp-json\/wp\/v2\/pages\/6","targetHints":{"allow":["GET"]}}],"collection":[{"href":"https:\/\/www.anfibiotgr.cl\/web\/wp-json\/wp\/v2\/pages"}],"about":[{"href":"https:\/\/www.anfibiotgr.cl\/web\/wp-json\/wp\/v2\/types\/page"}],"author":[{"embeddable":true,"href":"https:\/\/www.anfibiotgr.cl\/web\/wp-json\/wp\/v2\/users\/1"}],"replies":[{"embeddable":true,"href":"https:\/\/www.anfibiotgr.cl\/web\/wp-json\/wp\/v2\/comments?post=6"}],"version-history":[{"count":72,"href":"https:\/\/www.anfibiotgr.cl\/web\/wp-json\/wp\/v2\/pages\/6\/revisions"}],"predecessor-version":[{"id":2752,"href":"https:\/\/www.anfibiotgr.cl\/web\/wp-json\/wp\/v2\/pages\/6\/revisions\/2752"}],"wp:attachment":[{"href":"https:\/\/www.anfibiotgr.cl\/web\/wp-json\/wp\/v2\/media?parent=6"}],"curies":[{"name":"wp","href":"https:\/\/api.w.org\/{rel}","templated":true}]}}