{"id":593,"date":"2016-03-15T01:30:05","date_gmt":"2016-03-15T01:30:05","guid":{"rendered":"http:\/\/www.anfibiotgr.cl\/web\/?page_id=593"},"modified":"2022-01-10T14:10:04","modified_gmt":"2022-01-10T14:10:04","slug":"control-deportivo","status":"publish","type":"page","link":"https:\/\/www.anfibiotgr.cl\/web\/deportes\/control-deportivo\/","title":{"rendered":"Control Deportivo"},"content":{"rendered":"<div id=\"pl-593\"  class=\"panel-layout\" ><div id=\"pg-593-0\"  class=\"panel-grid panel-no-style\" ><div id=\"pgc-593-0-0\"  class=\"panel-grid-cell\" ><div id=\"panel-593-0-0-0\" class=\"so-panel widget widget_sow-editor panel-first-child panel-last-child\" data-index=\"0\" ><div\n\t\t\t\n\t\t\tclass=\"so-widget-sow-editor so-widget-sow-editor-base\"\n\t\t\t\n\t\t>\n<div class=\"siteorigin-widget-tinymce textwidget\">\n\t<p><strong><img loading=\"lazy\" decoding=\"async\" class=\"size-medium wp-image-770 aligncenter\" src=\"http:\/\/www.anfibiotgr.cl\/web\/wp-content\/uploads\/2016\/06\/Cronometraje-300x159.jpg\" alt=\"Cronometraje\" width=\"300\" height=\"159\" srcset=\"https:\/\/www.anfibiotgr.cl\/web\/wp-content\/uploads\/2016\/06\/Cronometraje-300x159.jpg 300w, https:\/\/www.anfibiotgr.cl\/web\/wp-content\/uploads\/2016\/06\/Cronometraje-768x408.jpg 768w, https:\/\/www.anfibiotgr.cl\/web\/wp-content\/uploads\/2016\/06\/Cronometraje-1024x544.jpg 1024w, https:\/\/www.anfibiotgr.cl\/web\/wp-content\/uploads\/2016\/06\/Cronometraje.jpg 1477w\" sizes=\"auto, (max-width: 300px) 100vw, 300px\" \/><\/strong><\/p>\n<p style=\"text-align: center;\"><strong>Nuestro sistema de control electr\u00f3nico de tiempos,<br \/>\npermitir\u00e1 adicionar un factor de profesionalismo a sus eventos.<br \/>\n<\/strong><br \/>\nProporcionamos n\u00fameros de carrera para cada corredor con chip re-utilizable y desechables.<br \/>\nTambi\u00e9n nos adaptamos a su evento con n\u00fameros personalizados.<br \/>\nEsta Pandemia a permitido validar nuestro metodo sin contacto. Todos las inscripciones,pagos, informes y resultados son online en tiempo real.<\/p>\n<p style=\"text-align: center;\">(segun disponibilidad de Wifi)<\/p>\n<p style=\"text-align: center;\"><img loading=\"lazy\" decoding=\"async\" class=\"aligncenter wp-image-807 size-large\" src=\"http:\/\/www.anfibiotgr.cl\/web\/wp-content\/uploads\/2016\/03\/diploma2-1024x675.png\" alt=\"diploma2\" width=\"1024\" height=\"675\" srcset=\"https:\/\/www.anfibiotgr.cl\/web\/wp-content\/uploads\/2016\/03\/diploma2-1024x675.png 1024w, https:\/\/www.anfibiotgr.cl\/web\/wp-content\/uploads\/2016\/03\/diploma2-300x198.png 300w, https:\/\/www.anfibiotgr.cl\/web\/wp-content\/uploads\/2016\/03\/diploma2-768x507.png 768w, https:\/\/www.anfibiotgr.cl\/web\/wp-content\/uploads\/2016\/03\/diploma2.png 1269w\" sizes=\"auto, (max-width: 1024px) 100vw, 1024px\" \/><\/p>\n<p style=\"text-align: center;\"><strong>\u00bfTienes dudas?<\/strong><br \/>\nConsulte por la disponibilidad y m\u00e1s detalles de este servicio para su evento.-<\/p>\n<p style=\"text-align: center;\">\n<\/div>\n<\/div><\/div><\/div><\/div><div id=\"pg-593-1\"  class=\"panel-grid panel-no-style\" ><div id=\"pgc-593-1-0\"  class=\"panel-grid-cell\" ><div id=\"panel-593-1-0-0\" class=\"so-panel widget widget_sow-editor panel-first-child panel-last-child\" data-index=\"1\" ><div\n\t\t\t\n\t\t\tclass=\"so-widget-sow-editor so-widget-sow-editor-base\"\n\t\t\t\n\t\t>\n<div class=\"siteorigin-widget-tinymce textwidget\">\n\t<p style=\"text-align: center;\"><i class=\"wp-svg-phone phone\"><\/i><\/p>\n<p style=\"text-align: center;\">+56 (9)\u00a09829 1130<\/p>\n<\/div>\n<\/div><\/div><\/div><div id=\"pgc-593-1-1\"  class=\"panel-grid-cell\" ><div id=\"panel-593-1-1-0\" class=\"so-panel widget widget_sow-editor panel-first-child panel-last-child\" data-index=\"2\" ><div\n\t\t\t\n\t\t\tclass=\"so-widget-sow-editor so-widget-sow-editor-base\"\n\t\t\t\n\t\t>\n<div class=\"siteorigin-widget-tinymce textwidget\">\n\t<p style=\"text-align: center;\"><i class=\"wp-svg-mail-2 mail-2\"><\/i><\/p>\n<p style=\"text-align: center;\"><a href=\"mailto:eventosdeportivos@anfibiotgr.cl\" target=\"_blank\">eventosdeportivos@anfibiotgr.cl <\/a><\/p>\n<\/div>\n<\/div><\/div><\/div><\/div><div id=\"pg-593-2\"  class=\"panel-grid panel-no-style\" ><div id=\"pgc-593-2-0\"  class=\"panel-grid-cell\" ><div id=\"panel-593-2-0-0\" class=\"so-panel widget widget_sow-editor panel-first-child panel-last-child\" data-index=\"3\" ><div\n\t\t\t\n\t\t\tclass=\"so-widget-sow-editor so-widget-sow-editor-base\"\n\t\t\t\n\t\t>\n<div class=\"siteorigin-widget-tinymce textwidget\">\n\t<p>\u00a0<\/p>\n<p style=\"text-align: center;\"><img loading=\"lazy\" decoding=\"async\" class=\"aligncenter wp-image-791 size-large\" src=\"http:\/\/www.anfibiotgr.cl\/web\/wp-content\/uploads\/2016\/03\/IMG_0261-1024x299.jpg\" alt=\"IMG_0261\" width=\"1024\" height=\"299\" srcset=\"https:\/\/www.anfibiotgr.cl\/web\/wp-content\/uploads\/2016\/03\/IMG_0261-1024x299.jpg 1024w, https:\/\/www.anfibiotgr.cl\/web\/wp-content\/uploads\/2016\/03\/IMG_0261-300x88.jpg 300w, https:\/\/www.anfibiotgr.cl\/web\/wp-content\/uploads\/2016\/03\/IMG_0261-768x224.jpg 768w, https:\/\/www.anfibiotgr.cl\/web\/wp-content\/uploads\/2016\/03\/IMG_0261.jpg 1534w\" sizes=\"auto, (max-width: 1024px) 100vw, 1024px\" \/><\/p>\n<p style=\"text-align: center;\"><img loading=\"lazy\" decoding=\"async\" class=\"aligncenter wp-image-800 size-large\" src=\"http:\/\/www.anfibiotgr.cl\/web\/wp-content\/uploads\/2016\/03\/IMG_0323b-1024x419.jpg\" alt=\"IMG_0323b\" width=\"1024\" height=\"419\" srcset=\"https:\/\/www.anfibiotgr.cl\/web\/wp-content\/uploads\/2016\/03\/IMG_0323b-1024x419.jpg 1024w, https:\/\/www.anfibiotgr.cl\/web\/wp-content\/uploads\/2016\/03\/IMG_0323b-300x123.jpg 300w, https:\/\/www.anfibiotgr.cl\/web\/wp-content\/uploads\/2016\/03\/IMG_0323b-768x314.jpg 768w, https:\/\/www.anfibiotgr.cl\/web\/wp-content\/uploads\/2016\/03\/IMG_0323b.jpg 1632w\" sizes=\"auto, (max-width: 1024px) 100vw, 1024px\" \/><\/p>\n<p style=\"text-align: center;\">\u00a0<\/p>\n<\/div>\n<\/div><\/div><\/div><\/div><\/div>","protected":false},"excerpt":{"rendered":"<p>Nuestro sistema de control electr\u00f3nico de tiempos, permitir\u00e1 adicionar un factor de profesionalismo a sus eventos. Proporcionamos n\u00fameros de carrera para cada corredor con chip re-utilizable y desechables. Tambi\u00e9n nos adaptamos a su evento con n\u00fameros personalizados. Esta Pandemia a permitido validar nuestro metodo sin contacto. Todos las inscripciones,pagos, informes y resultados son online en [&hellip;]<\/p>\n","protected":false},"author":2,"featured_media":0,"parent":44,"menu_order":0,"comment_status":"closed","ping_status":"closed","template":"","meta":{"footnotes":""},"class_list":["post-593","page","type-page","status-publish","hentry"],"_links":{"self":[{"href":"https:\/\/www.anfibiotgr.cl\/web\/wp-json\/wp\/v2\/pages\/593","targetHints":{"allow":["GET"]}}],"collection":[{"href":"https:\/\/www.anfibiotgr.cl\/web\/wp-json\/wp\/v2\/pages"}],"about":[{"href":"https:\/\/www.anfibiotgr.cl\/web\/wp-json\/wp\/v2\/types\/page"}],"author":[{"embeddable":true,"href":"https:\/\/www.anfibiotgr.cl\/web\/wp-json\/wp\/v2\/users\/2"}],"replies":[{"embeddable":true,"href":"https:\/\/www.anfibiotgr.cl\/web\/wp-json\/wp\/v2\/comments?post=593"}],"version-history":[{"count":15,"href":"https:\/\/www.anfibiotgr.cl\/web\/wp-json\/wp\/v2\/pages\/593\/revisions"}],"predecessor-version":[{"id":3108,"href":"https:\/\/www.anfibiotgr.cl\/web\/wp-json\/wp\/v2\/pages\/593\/revisions\/3108"}],"up":[{"embeddable":true,"href":"https:\/\/www.anfibiotgr.cl\/web\/wp-json\/wp\/v2\/pages\/44"}],"wp:attachment":[{"href":"https:\/\/www.anfibiotgr.cl\/web\/wp-json\/wp\/v2\/media?parent=593"}],"curies":[{"name":"wp","href":"https:\/\/api.w.org\/{rel}","templated":true}]}}