{"id":53,"date":"2016-01-14T16:42:40","date_gmt":"2016-01-14T16:42:40","guid":{"rendered":"http:\/\/www.anfibiotgr.cl\/web\/?page_id=53"},"modified":"2016-09-29T18:47:13","modified_gmt":"2016-09-29T18:47:13","slug":"asesorias","status":"publish","type":"page","link":"https:\/\/www.anfibiotgr.cl\/web\/servicios\/asesorias\/","title":{"rendered":"Asesor\u00edas"},"content":{"rendered":"<div id=\"pl-53\"  class=\"panel-layout\" ><div id=\"pg-53-0\"  class=\"panel-grid panel-has-style\" ><div class=\"margen_interior panel-row-style panel-row-style-for-53-0\" ><div id=\"pgc-53-0-0\"  class=\"panel-grid-cell\" ><div id=\"panel-53-0-0-0\" class=\"so-panel widget widget_sow-editor panel-first-child panel-last-child\" data-index=\"0\" ><div\n\t\t\t\n\t\t\tclass=\"so-widget-sow-editor so-widget-sow-editor-base\"\n\t\t\t\n\t\t>\n<div class=\"siteorigin-widget-tinymce textwidget\">\n\t<p style=\"text-align: center;\">Un consolidado equipo multidisciplinario estar\u00e1 disponible<br \/>para colaborar en sus tr\u00e1mites sanitarios en diversas \u00e1reas<br \/>de la industria, considerando:<\/p>\n<ul>\n<li style=\"text-align: center;\">Tr\u00e1mite de Resoluci\u00f3n Sanitaria<\/li>\n<li style=\"text-align: center;\">Autorizaci\u00f3n de Funcionamiento\u00a0<\/li>\n<li style=\"text-align: center;\">Estudios Ambientales<\/li>\n<li style=\"text-align: center;\">Sitios de Almacenamiento<\/li>\n<li style=\"text-align: center;\">Transporte de Carga Peligrosa<\/li>\n<li style=\"text-align: center;\">Relator\u00eda y Charlas<\/li>\n<li style=\"text-align: center;\">Apertura de Declaraci\u00f3n en Ventanilla \u00danica<\/li>\n<li style=\"text-align: center;\">Declaraci\u00f3n Jurada Anual del Registro de Emisi\u00f3n y Transferencia de Contaminantes<\/li>\n<\/ul>\n<p>\u00a0<\/p>\n<p><img loading=\"lazy\" decoding=\"async\" class=\"aligncenter size-medium wp-image-1001\" src=\"http:\/\/www.anfibiotgr.cl\/web\/wp-content\/uploads\/2016\/01\/logo-gestion-PNG-300x91.png\" alt=\"logo-gestion-png\" width=\"300\" height=\"91\" srcset=\"https:\/\/www.anfibiotgr.cl\/web\/wp-content\/uploads\/2016\/01\/logo-gestion-PNG-300x91.png 300w, https:\/\/www.anfibiotgr.cl\/web\/wp-content\/uploads\/2016\/01\/logo-gestion-PNG-768x234.png 768w, https:\/\/www.anfibiotgr.cl\/web\/wp-content\/uploads\/2016\/01\/logo-gestion-PNG-1024x312.png 1024w, https:\/\/www.anfibiotgr.cl\/web\/wp-content\/uploads\/2016\/01\/logo-gestion-PNG.png 1496w\" sizes=\"auto, (max-width: 300px) 100vw, 300px\" \/><\/p>\n<p>\u00a0<\/p>\n<\/div>\n<\/div><\/div><\/div><\/div><\/div><\/div>","protected":false},"excerpt":{"rendered":"<p>Un consolidado equipo multidisciplinario estar\u00e1 disponiblepara colaborar en sus tr\u00e1mites sanitarios en diversas \u00e1reasde la industria, considerando:Tr\u00e1mite de Resoluci\u00f3n SanitariaAutorizaci\u00f3n de Funcionamiento\u00a0Estudios AmbientalesSitios de AlmacenamientoTransporte de Carga PeligrosaRelator\u00eda y CharlasApertura de Declaraci\u00f3n en Ventanilla \u00danicaDeclaraci\u00f3n Jurada Anual del Registro de Emisi\u00f3n y Transferencia de Contaminantes\u00a0\u00a0<\/p>\n","protected":false},"author":1,"featured_media":0,"parent":8,"menu_order":0,"comment_status":"closed","ping_status":"closed","template":"","meta":{"footnotes":""},"class_list":["post-53","page","type-page","status-publish","hentry"],"_links":{"self":[{"href":"https:\/\/www.anfibiotgr.cl\/web\/wp-json\/wp\/v2\/pages\/53","targetHints":{"allow":["GET"]}}],"collection":[{"href":"https:\/\/www.anfibiotgr.cl\/web\/wp-json\/wp\/v2\/pages"}],"about":[{"href":"https:\/\/www.anfibiotgr.cl\/web\/wp-json\/wp\/v2\/types\/page"}],"author":[{"embeddable":true,"href":"https:\/\/www.anfibiotgr.cl\/web\/wp-json\/wp\/v2\/users\/1"}],"replies":[{"embeddable":true,"href":"https:\/\/www.anfibiotgr.cl\/web\/wp-json\/wp\/v2\/comments?post=53"}],"version-history":[{"count":9,"href":"https:\/\/www.anfibiotgr.cl\/web\/wp-json\/wp\/v2\/pages\/53\/revisions"}],"predecessor-version":[{"id":1003,"href":"https:\/\/www.anfibiotgr.cl\/web\/wp-json\/wp\/v2\/pages\/53\/revisions\/1003"}],"up":[{"embeddable":true,"href":"https:\/\/www.anfibiotgr.cl\/web\/wp-json\/wp\/v2\/pages\/8"}],"wp:attachment":[{"href":"https:\/\/www.anfibiotgr.cl\/web\/wp-json\/wp\/v2\/media?parent=53"}],"curies":[{"name":"wp","href":"https:\/\/api.w.org\/{rel}","templated":true}]}}