{"id":44,"date":"2016-01-14T16:33:16","date_gmt":"2016-01-14T16:33:16","guid":{"rendered":"http:\/\/www.anfibiotgr.cl\/web\/?page_id=44"},"modified":"2026-03-25T19:08:41","modified_gmt":"2026-03-25T19:08:41","slug":"deportes","status":"publish","type":"page","link":"https:\/\/www.anfibiotgr.cl\/web\/deportes\/","title":{"rendered":"Secci\u00f3n Deportes"},"content":{"rendered":"<div id=\"pl-44\"  class=\"panel-layout\" ><div id=\"pg-44-0\"  class=\"panel-grid panel-has-style\" ><div class=\"margen_interior panel-row-style panel-row-style-for-44-0\" ><div id=\"pgc-44-0-0\"  class=\"panel-grid-cell\" ><div id=\"panel-44-0-0-0\" class=\"so-panel widget widget_sow-editor panel-first-child panel-last-child\" data-index=\"0\" ><div\n\t\t\t\n\t\t\tclass=\"so-widget-sow-editor so-widget-sow-editor-base\"\n\t\t\t\n\t\t>\n<div class=\"siteorigin-widget-tinymce textwidget\">\n\t<p style=\"text-align: center;\"><img loading=\"lazy\" decoding=\"async\" class=\"size-medium wp-image-139 aligncenter\" src=\"http:\/\/www.anfibiotgr.cl\/web\/wp-content\/uploads\/2016\/01\/Logo-Anfibio-Eventos-Deportivos-copy-2-300x119.jpg\" alt=\"Logo Anfibio Eventos Deportivos copy 2\" width=\"300\" height=\"119\" srcset=\"https:\/\/www.anfibiotgr.cl\/web\/wp-content\/uploads\/2016\/01\/Logo-Anfibio-Eventos-Deportivos-copy-2-300x119.jpg 300w, https:\/\/www.anfibiotgr.cl\/web\/wp-content\/uploads\/2016\/01\/Logo-Anfibio-Eventos-Deportivos-copy-2-768x304.jpg 768w, https:\/\/www.anfibiotgr.cl\/web\/wp-content\/uploads\/2016\/01\/Logo-Anfibio-Eventos-Deportivos-copy-2-1024x405.jpg 1024w, https:\/\/www.anfibiotgr.cl\/web\/wp-content\/uploads\/2016\/01\/Logo-Anfibio-Eventos-Deportivos-copy-2.jpg 1534w\" sizes=\"auto, (max-width: 300px) 100vw, 300px\" \/>En l\u00ednea con nuestros or\u00edgenes,\u00a0colaboramos en la producci\u00f3n de eventos deportivos junto a un gran equipo Regional.<\/p>\n\n\t\t<style type=\"text\/css\">\n\t\t\t#gallery-1 {\n\t\t\t\tmargin: auto;\n\t\t\t}\n\t\t\t#gallery-1 .gallery-item {\n\t\t\t\tfloat: left;\n\t\t\t\tmargin-top: 10px;\n\t\t\t\ttext-align: center;\n\t\t\t\twidth: 33%;\n\t\t\t}\n\t\t\t#gallery-1 img {\n\t\t\t\tborder: 2px solid #cfcfcf;\n\t\t\t}\n\t\t\t#gallery-1 .gallery-caption {\n\t\t\t\tmargin-left: 0;\n\t\t\t}\n\t\t\t\/* see gallery_shortcode() in wp-includes\/media.php *\/\n\t\t<\/style>\n\t\t<div id='gallery-1' class='gallery galleryid-44 gallery-columns-3 gallery-size-medium'><dl class='gallery-item'>\n\t\t\t<dt class='gallery-icon portrait'>\n\t\t\t\t<a href='https:\/\/www.anfibiotgr.cl\/web\/wp-content\/uploads\/2016\/01\/IMG-20150927-WA0042.jpg'><img loading=\"lazy\" decoding=\"async\" width=\"193\" height=\"300\" src=\"https:\/\/www.anfibiotgr.cl\/web\/wp-content\/uploads\/2016\/01\/IMG-20150927-WA0042-193x300.jpg\" class=\"attachment-medium size-medium\" alt=\"\" srcset=\"https:\/\/www.anfibiotgr.cl\/web\/wp-content\/uploads\/2016\/01\/IMG-20150927-WA0042-193x300.jpg 193w, https:\/\/www.anfibiotgr.cl\/web\/wp-content\/uploads\/2016\/01\/IMG-20150927-WA0042.jpg 618w\" sizes=\"auto, (max-width: 193px) 100vw, 193px\" \/><\/a>\n\t\t\t<\/dt><\/dl><dl class='gallery-item'>\n\t\t\t<dt class='gallery-icon portrait'>\n\t\t\t\t<a href='https:\/\/www.anfibiotgr.cl\/web\/wp-content\/uploads\/2016\/01\/IMG-20151130-WA0011-copy.jpg'><img loading=\"lazy\" decoding=\"async\" width=\"200\" height=\"300\" src=\"https:\/\/www.anfibiotgr.cl\/web\/wp-content\/uploads\/2016\/01\/IMG-20151130-WA0011-copy-200x300.jpg\" class=\"attachment-medium size-medium\" alt=\"\" srcset=\"https:\/\/www.anfibiotgr.cl\/web\/wp-content\/uploads\/2016\/01\/IMG-20151130-WA0011-copy-200x300.jpg 200w, https:\/\/www.anfibiotgr.cl\/web\/wp-content\/uploads\/2016\/01\/IMG-20151130-WA0011-copy.jpg 480w\" sizes=\"auto, (max-width: 200px) 100vw, 200px\" \/><\/a>\n\t\t\t<\/dt><\/dl><dl class='gallery-item'>\n\t\t\t<dt class='gallery-icon portrait'>\n\t\t\t\t<a href='https:\/\/www.anfibiotgr.cl\/web\/wp-content\/uploads\/2016\/01\/IMG-20150927-WA0043.jpg'><img loading=\"lazy\" decoding=\"async\" width=\"200\" height=\"300\" src=\"https:\/\/www.anfibiotgr.cl\/web\/wp-content\/uploads\/2016\/01\/IMG-20150927-WA0043-200x300.jpg\" class=\"attachment-medium size-medium\" alt=\"\" srcset=\"https:\/\/www.anfibiotgr.cl\/web\/wp-content\/uploads\/2016\/01\/IMG-20150927-WA0043-200x300.jpg 200w, https:\/\/www.anfibiotgr.cl\/web\/wp-content\/uploads\/2016\/01\/IMG-20150927-WA0043.jpg 640w\" sizes=\"auto, (max-width: 200px) 100vw, 200px\" \/><\/a>\n\t\t\t<\/dt><\/dl><br style=\"clear: both\" \/>\n\t\t<\/div>\n\n<p style=\"text-align: center;\"><i class=\"wp-svg-clock clock\"><\/i><\/p>\n<p style=\"text-align: center;\"><strong>Todas nuestras actividades de Mountainbike, Running, Motocross, Trail Running, etc., son cronometradas mediante chip.<\/strong><\/p>\n<p style=\"text-align: center;\"><strong>Contacto\u00a0al<\/strong>\u00a0\u00a0<strong>Email:<\/strong>\u00a0<a href=\"mailto:eventosdeportivos@anfibiotgr.cl\">eventosdeportivos@anfibiotgr.cl<\/a><\/p>\n<p style=\"text-align: center;\"><a href=\"https:\/\/www.facebook.com\/Anfibio-Producci%C3%B3n-de-Eventos-Deportivos-1545414049014383\"><img loading=\"lazy\" decoding=\"async\" class=\"alignnone size-full wp-image-732\" src=\"http:\/\/www.anfibiotgr.cl\/web\/wp-content\/uploads\/2016\/05\/logo-facebook-alargado.png\" alt=\"logo-facebook-alargado\" width=\"325\" height=\"84\" srcset=\"https:\/\/www.anfibiotgr.cl\/web\/wp-content\/uploads\/2016\/05\/logo-facebook-alargado.png 325w, https:\/\/www.anfibiotgr.cl\/web\/wp-content\/uploads\/2016\/05\/logo-facebook-alargado-300x78.png 300w\" sizes=\"auto, (max-width: 325px) 100vw, 325px\" \/><\/a><\/p>\n<p style=\"text-align: center;\"><a href=\"http:\/\/www.anfibiotgr.cl\/web\/deportes\/imagenes\/\" target=\"_blank\" rel=\"noopener\"><img loading=\"lazy\" decoding=\"async\" class=\"alignnone size-medium wp-image-884\" src=\"http:\/\/www.anfibiotgr.cl\/web\/wp-content\/uploads\/2016\/01\/Imagenes-300x131.png\" alt=\"Imagenes\" width=\"300\" height=\"131\" srcset=\"https:\/\/www.anfibiotgr.cl\/web\/wp-content\/uploads\/2016\/01\/Imagenes-300x131.png 300w, https:\/\/www.anfibiotgr.cl\/web\/wp-content\/uploads\/2016\/01\/Imagenes.png 606w\" sizes=\"auto, (max-width: 300px) 100vw, 300px\" \/><\/a> <a href=\"https:\/\/www.anfibiotgr.cl\/web\/noticias\/\" target=\"_blank\" rel=\"noopener\"><img loading=\"lazy\" decoding=\"async\" class=\"alignnone wp-image-885 size-medium\" src=\"http:\/\/www.anfibiotgr.cl\/web\/wp-content\/uploads\/2016\/01\/Nuestros-Eventos-300x132.png\" alt=\"Nuestros Eventos\" width=\"300\" height=\"132\" srcset=\"https:\/\/www.anfibiotgr.cl\/web\/wp-content\/uploads\/2016\/01\/Nuestros-Eventos-300x132.png 300w, https:\/\/www.anfibiotgr.cl\/web\/wp-content\/uploads\/2016\/01\/Nuestros-Eventos.png 603w\" sizes=\"auto, (max-width: 300px) 100vw, 300px\" \/><\/a> <a href=\"http:\/\/www.anfibiotgr.cl\/web\/deportes\/resultados\/\" target=\"_blank\" rel=\"noopener\"><img loading=\"lazy\" decoding=\"async\" class=\"alignnone size-medium wp-image-886\" src=\"http:\/\/www.anfibiotgr.cl\/web\/wp-content\/uploads\/2016\/01\/Resultados-300x131.png\" alt=\"Resultados\" width=\"300\" height=\"131\" srcset=\"https:\/\/www.anfibiotgr.cl\/web\/wp-content\/uploads\/2016\/01\/Resultados-300x131.png 300w, https:\/\/www.anfibiotgr.cl\/web\/wp-content\/uploads\/2016\/01\/Resultados.png 606w\" sizes=\"auto, (max-width: 300px) 100vw, 300px\" \/><\/a><\/p>\n<p style=\"text-align: center;\"><strong>\u00a1Revisa constantemente nuestra secci\u00f3n de noticias,<br \/>\ndonde encontrar\u00e1s los pr\u00f3ximos eventos deportivos agendados!<\/strong><\/p>\n<\/div>\n<\/div><\/div><\/div><\/div><\/div><\/div>","protected":false},"excerpt":{"rendered":"<p>En l\u00ednea con nuestros or\u00edgenes,\u00a0colaboramos en la producci\u00f3n de eventos deportivos junto a un gran equipo Regional. Todas nuestras actividades de Mountainbike, Running, Motocross, Trail Running, etc., son cronometradas mediante chip. Contacto\u00a0al\u00a0\u00a0Email:\u00a0eventosdeportivos@anfibiotgr.cl \u00a1Revisa constantemente nuestra secci\u00f3n de noticias, donde encontrar\u00e1s los pr\u00f3ximos eventos deportivos agendados!<\/p>\n","protected":false},"author":1,"featured_media":0,"parent":0,"menu_order":0,"comment_status":"closed","ping_status":"closed","template":"","meta":{"footnotes":""},"class_list":["post-44","page","type-page","status-publish","hentry"],"_links":{"self":[{"href":"https:\/\/www.anfibiotgr.cl\/web\/wp-json\/wp\/v2\/pages\/44","targetHints":{"allow":["GET"]}}],"collection":[{"href":"https:\/\/www.anfibiotgr.cl\/web\/wp-json\/wp\/v2\/pages"}],"about":[{"href":"https:\/\/www.anfibiotgr.cl\/web\/wp-json\/wp\/v2\/types\/page"}],"author":[{"embeddable":true,"href":"https:\/\/www.anfibiotgr.cl\/web\/wp-json\/wp\/v2\/users\/1"}],"replies":[{"embeddable":true,"href":"https:\/\/www.anfibiotgr.cl\/web\/wp-json\/wp\/v2\/comments?post=44"}],"version-history":[{"count":33,"href":"https:\/\/www.anfibiotgr.cl\/web\/wp-json\/wp\/v2\/pages\/44\/revisions"}],"predecessor-version":[{"id":5833,"href":"https:\/\/www.anfibiotgr.cl\/web\/wp-json\/wp\/v2\/pages\/44\/revisions\/5833"}],"wp:attachment":[{"href":"https:\/\/www.anfibiotgr.cl\/web\/wp-json\/wp\/v2\/media?parent=44"}],"curies":[{"name":"wp","href":"https:\/\/api.w.org\/{rel}","templated":true}]}}