{"id":40,"date":"2016-01-14T16:32:03","date_gmt":"2016-01-14T16:32:03","guid":{"rendered":"http:\/\/www.anfibiotgr.cl\/web\/?page_id=40"},"modified":"2016-01-22T00:00:44","modified_gmt":"2016-01-22T00:00:44","slug":"insumos-y-traslado-de-pacientes","status":"publish","type":"page","link":"https:\/\/www.anfibiotgr.cl\/web\/servicios\/insumos-y-traslado-de-pacientes\/","title":{"rendered":"Insumos y Traslado de Pacientes"},"content":{"rendered":"<div id=\"pl-40\"  class=\"panel-layout\" ><div id=\"pg-40-0\"  class=\"panel-grid panel-has-style\" ><div class=\"margen_interior panel-row-style panel-row-style-for-40-0\" ><div id=\"pgc-40-0-0\"  class=\"panel-grid-cell\" ><div id=\"panel-40-0-0-0\" class=\"so-panel widget widget_sow-editor panel-first-child panel-last-child\" data-index=\"0\" ><div\n\t\t\t\n\t\t\tclass=\"so-widget-sow-editor so-widget-sow-editor-base\"\n\t\t\t\n\t\t>\n<div class=\"siteorigin-widget-tinymce textwidget\">\n\t<p style=\"text-align: center;\">Anfibio Ltda., a trav\u00e9s de su Administradora, \u00a0<strong>Servicios Integrados Menval Limitada<\/strong>,<br \/>tiene a su disposici\u00f3n una variedad de <strong>Insumos<\/strong> de apoyo a su Gesti\u00f3n de Residuos.<\/p>\n<ul>\n<li style=\"text-align: center;\">Contenedores para almacenamiento de Residuos en diversos tama\u00f1os.<\/li>\n<li style=\"text-align: center;\">Cajas para material cortopunzante de cart\u00f3n y pl\u00e1stico.<\/li>\n<li style=\"text-align: center;\">Bolsas para almacenamiento transitorio de Residuos.<\/li>\n<li style=\"text-align: center;\">Se\u00f1al\u00e9tica dise\u00f1ada seg\u00fan est\u00e1ndar normativo.<\/li>\n<li style=\"text-align: center;\">Guantes de L\u00e1tex, Nitrilo, Anticorte.<\/li>\n<li style=\"text-align: center;\">M\u00e1scaras para protecci\u00f3n de v\u00edas respiratorias.<\/li>\n<li style=\"text-align: center;\">Otros insumos de uso diario en Cl\u00ednicas y Hospitales, tales como jeringas, agujas, bistur\u00edes, algod\u00f3n, etc.<\/li>\n<\/ul>\n<p style=\"text-align: center;\">Adicionalmente, presentamos el nuevo servicio de <strong>Traslado de Pacientes<\/strong>\u00a0entre Hospitales, Cl\u00ednicas y Domicilios, dentro y fuera de la regi\u00f3n. Contamos con equipamiento validado a trav\u00e9s de Autorizaci\u00f3n Sanitaria vigente.<\/p>\n<\/div>\n<\/div><\/div><\/div><\/div><\/div><div id=\"pg-40-1\"  class=\"panel-grid panel-no-style\" ><div id=\"pgc-40-1-0\"  class=\"panel-grid-cell\" ><div id=\"panel-40-1-0-0\" class=\"so-panel widget widget_sow-editor panel-first-child panel-last-child\" data-index=\"1\" ><div\n\t\t\t\n\t\t\tclass=\"so-widget-sow-editor so-widget-sow-editor-base\"\n\t\t\t\n\t\t>\n<div class=\"siteorigin-widget-tinymce textwidget\">\n\t<p style=\"text-align: center;\">Para mayor informaci\u00f3n, escr\u00edbanos a: <a href=\"mailto:contacto@menval.cl\">contacto@menval.cl<\/a><\/p>\n<p style=\"text-align: center;\"><img loading=\"lazy\" decoding=\"async\" class=\"wp-image-274 size-full aligncenter\" src=\"http:\/\/www.anfibiotgr.cl\/web\/wp-content\/uploads\/2016\/01\/insumos.png\" alt=\"insumos\" width=\"706\" height=\"361\" srcset=\"https:\/\/www.anfibiotgr.cl\/web\/wp-content\/uploads\/2016\/01\/insumos.png 706w, https:\/\/www.anfibiotgr.cl\/web\/wp-content\/uploads\/2016\/01\/insumos-300x153.png 300w\" sizes=\"auto, (max-width: 706px) 100vw, 706px\" \/><\/p>\n<\/div>\n<\/div><\/div><\/div><\/div><\/div>","protected":false},"excerpt":{"rendered":"<p>Anfibio Ltda., a trav\u00e9s de su Administradora, \u00a0Servicios Integrados Menval Limitada,tiene a su disposici\u00f3n una variedad de Insumos de apoyo a su Gesti\u00f3n de Residuos.Contenedores para almacenamiento de Residuos en diversos tama\u00f1os.Cajas para material cortopunzante de cart\u00f3n y pl\u00e1stico.Bolsas para almacenamiento transitorio de Residuos.Se\u00f1al\u00e9tica dise\u00f1ada seg\u00fan est\u00e1ndar normativo.Guantes de L\u00e1tex, Nitrilo, Anticorte.M\u00e1scaras para protecci\u00f3n de [&hellip;]<\/p>\n","protected":false},"author":1,"featured_media":0,"parent":8,"menu_order":0,"comment_status":"closed","ping_status":"closed","template":"","meta":{"footnotes":""},"class_list":["post-40","page","type-page","status-publish","hentry"],"_links":{"self":[{"href":"https:\/\/www.anfibiotgr.cl\/web\/wp-json\/wp\/v2\/pages\/40","targetHints":{"allow":["GET"]}}],"collection":[{"href":"https:\/\/www.anfibiotgr.cl\/web\/wp-json\/wp\/v2\/pages"}],"about":[{"href":"https:\/\/www.anfibiotgr.cl\/web\/wp-json\/wp\/v2\/types\/page"}],"author":[{"embeddable":true,"href":"https:\/\/www.anfibiotgr.cl\/web\/wp-json\/wp\/v2\/users\/1"}],"replies":[{"embeddable":true,"href":"https:\/\/www.anfibiotgr.cl\/web\/wp-json\/wp\/v2\/comments?post=40"}],"version-history":[{"count":16,"href":"https:\/\/www.anfibiotgr.cl\/web\/wp-json\/wp\/v2\/pages\/40\/revisions"}],"predecessor-version":[{"id":362,"href":"https:\/\/www.anfibiotgr.cl\/web\/wp-json\/wp\/v2\/pages\/40\/revisions\/362"}],"up":[{"embeddable":true,"href":"https:\/\/www.anfibiotgr.cl\/web\/wp-json\/wp\/v2\/pages\/8"}],"wp:attachment":[{"href":"https:\/\/www.anfibiotgr.cl\/web\/wp-json\/wp\/v2\/media?parent=40"}],"curies":[{"name":"wp","href":"https:\/\/api.w.org\/{rel}","templated":true}]}}