{"id":38,"date":"2016-01-14T16:30:38","date_gmt":"2016-01-14T16:30:38","guid":{"rendered":"http:\/\/www.anfibiotgr.cl\/web\/?page_id=38"},"modified":"2016-11-03T18:22:38","modified_gmt":"2016-11-03T18:22:38","slug":"tratamiento-de-residuos","status":"publish","type":"page","link":"https:\/\/www.anfibiotgr.cl\/web\/servicios\/tratamiento-de-residuos\/","title":{"rendered":"Tratamiento de Residuos"},"content":{"rendered":"<div id=\"pl-38\"  class=\"panel-layout\" ><div id=\"pg-38-0\"  class=\"panel-grid panel-has-style\" ><div class=\"margen_interior panel-row-style panel-row-style-for-38-0\" ><div id=\"pgc-38-0-0\"  class=\"panel-grid-cell\" ><div id=\"panel-38-0-0-0\" class=\"so-panel widget widget_sow-editor panel-first-child panel-last-child\" data-index=\"0\" ><div\n\t\t\t\n\t\t\tclass=\"so-widget-sow-editor so-widget-sow-editor-base\"\n\t\t\t\n\t\t>\n<div class=\"siteorigin-widget-tinymce textwidget\">\n\t<p style=\"text-align: justify;\">Anfibio Limitada, desde su fundaci\u00f3n ha tomado como pilar fundamental el cuidado del medio ambiente y el desarrollo de actividades eco tur\u00edsticas y deportivas que promuevan el contacto con la naturaleza. Prueba de eso es el propio nombre de nuestra Pyme, el cual viene heredado de actividades eco tur\u00edsticas que pusieron en el camino la necesidad de realizar Gesti\u00f3n de Residuos.<\/p>\n<p style=\"text-align: center;\"><img loading=\"lazy\" decoding=\"async\" class=\"alignnone size-medium wp-image-234\" src=\"http:\/\/www.anfibiotgr.cl\/web\/wp-content\/uploads\/2016\/01\/Corfo-300x122.jpg\" alt=\"Corfo\" width=\"300\" height=\"122\" srcset=\"https:\/\/www.anfibiotgr.cl\/web\/wp-content\/uploads\/2016\/01\/Corfo-300x122.jpg 300w, https:\/\/www.anfibiotgr.cl\/web\/wp-content\/uploads\/2016\/01\/Corfo-768x313.jpg 768w, https:\/\/www.anfibiotgr.cl\/web\/wp-content\/uploads\/2016\/01\/Corfo-1024x418.jpg 1024w\" sizes=\"auto, (max-width: 300px) 100vw, 300px\" \/> <img loading=\"lazy\" decoding=\"async\" class=\"alignnone  wp-image-227\" src=\"http:\/\/www.anfibiotgr.cl\/web\/wp-content\/uploads\/2016\/01\/logo_amb_ecosteryl-300x183.jpg\" alt=\"logo_amb_ecosteryl\" width=\"198\" height=\"120\" srcset=\"https:\/\/www.anfibiotgr.cl\/web\/wp-content\/uploads\/2016\/01\/logo_amb_ecosteryl-300x183.jpg 300w, https:\/\/www.anfibiotgr.cl\/web\/wp-content\/uploads\/2016\/01\/logo_amb_ecosteryl.jpg 500w\" sizes=\"auto, (max-width: 198px) 100vw, 198px\" \/><\/p>\n<p style=\"text-align: justify;\">Con el objeto de propiciar la reducci\u00f3n del Impacto Ambiental de la Gesti\u00f3n de Residuos generados en Establecimientos de Atenci\u00f3n de Salud, el a\u00f1o 2013 iniciamos la aventura de emprender, mejorando nuestro servicio con la b\u00fasqueda de tecnolog\u00edas limpias. Presentamos nuestra propuesta a Corfo y al cabo de un a\u00f1o inauguramos la Primera Planta de Tratamiento en Am\u00e9rica que cuenta con tecnolog\u00eda <strong>Autorizada<\/strong> para tratamiento de residuos especiales v\u00eda Microondas. \u00a0Hoy casi el 95% de los residuos especiales que gestionamos, son sometidos a un tratamiento amigable, logrando evitar que\u00a0decenas de toneladas de residuos sean tratados por m\u00e9todos convencionales que generan un gran impacto negativo al medio ambiente.<\/p>\n<p style=\"text-align: justify;\">\u00a0<\/p>\n<p>Nuestro sistema de tratamiento cuenta con 3 etapas:<\/p>\n<ol>\n<li>Primero los residuos son cargados en una tolva, para posteriormente ser triturados y mezclados, formando una masa h\u00fameda y homog\u00e9nea.<\/li>\n<li>Posteriormente, los residuos son transportados mediante un tornillo sin fin a trav\u00e9s de un tubo\u00a0donde son sometidos a microondas, gener\u00e1ndose as\u00ed la primera etapa de esterilizaci\u00f3n.<\/li>\n<li>Luego, los residuos son transportados mediante un segundo\u00a0tornillo sin fin a trav\u00e9s de\u00a0un circuito cil\u00edndrico, el cual en su interior supera los 150 grados celcius. En este trayecto, los residuos son secados y depositados finalmente en un contenedor, obteniendo un producto inocuo y con\u00a0un 80% de reducci\u00f3n de su volumen de origen.<\/li>\n<\/ol>\n<p>\u00a0<\/p>\n<p><img loading=\"lazy\" decoding=\"async\" class=\"aligncenter wp-image-266 size-full\" src=\"http:\/\/www.anfibiotgr.cl\/web\/wp-content\/uploads\/2016\/01\/ecosteryl.png\" alt=\"ecosteryl\" width=\"689\" height=\"348\" srcset=\"https:\/\/www.anfibiotgr.cl\/web\/wp-content\/uploads\/2016\/01\/ecosteryl.png 689w, https:\/\/www.anfibiotgr.cl\/web\/wp-content\/uploads\/2016\/01\/ecosteryl-300x152.png 300w\" sizes=\"auto, (max-width: 689px) 100vw, 689px\" \/><\/p>\n<p>\u00a0<\/p>\n<\/div>\n<\/div><\/div><\/div><\/div><\/div><\/div>","protected":false},"excerpt":{"rendered":"<p>Anfibio Limitada, desde su fundaci\u00f3n ha tomado como pilar fundamental el cuidado del medio ambiente y el desarrollo de actividades eco tur\u00edsticas y deportivas que promuevan el contacto con la naturaleza. Prueba de eso es el propio nombre de nuestra Pyme, el cual viene heredado de actividades eco tur\u00edsticas que pusieron en el camino la [&hellip;]<\/p>\n","protected":false},"author":1,"featured_media":0,"parent":8,"menu_order":0,"comment_status":"closed","ping_status":"closed","template":"","meta":{"footnotes":""},"class_list":["post-38","page","type-page","status-publish","hentry"],"_links":{"self":[{"href":"https:\/\/www.anfibiotgr.cl\/web\/wp-json\/wp\/v2\/pages\/38","targetHints":{"allow":["GET"]}}],"collection":[{"href":"https:\/\/www.anfibiotgr.cl\/web\/wp-json\/wp\/v2\/pages"}],"about":[{"href":"https:\/\/www.anfibiotgr.cl\/web\/wp-json\/wp\/v2\/types\/page"}],"author":[{"embeddable":true,"href":"https:\/\/www.anfibiotgr.cl\/web\/wp-json\/wp\/v2\/users\/1"}],"replies":[{"embeddable":true,"href":"https:\/\/www.anfibiotgr.cl\/web\/wp-json\/wp\/v2\/comments?post=38"}],"version-history":[{"count":16,"href":"https:\/\/www.anfibiotgr.cl\/web\/wp-json\/wp\/v2\/pages\/38\/revisions"}],"predecessor-version":[{"id":446,"href":"https:\/\/www.anfibiotgr.cl\/web\/wp-json\/wp\/v2\/pages\/38\/revisions\/446"}],"up":[{"embeddable":true,"href":"https:\/\/www.anfibiotgr.cl\/web\/wp-json\/wp\/v2\/pages\/8"}],"wp:attachment":[{"href":"https:\/\/www.anfibiotgr.cl\/web\/wp-json\/wp\/v2\/media?parent=38"}],"curies":[{"name":"wp","href":"https:\/\/api.w.org\/{rel}","templated":true}]}}