{"id":36,"date":"2016-01-14T16:29:49","date_gmt":"2016-01-14T16:29:49","guid":{"rendered":"http:\/\/www.anfibiotgr.cl\/web\/?page_id=36"},"modified":"2016-01-29T15:17:49","modified_gmt":"2016-01-29T15:17:49","slug":"gestion-de-residuos-peligrosos","status":"publish","type":"page","link":"https:\/\/www.anfibiotgr.cl\/web\/servicios\/gestion-de-residuos-peligrosos\/","title":{"rendered":"Gesti\u00f3n de Residuos Peligrosos"},"content":{"rendered":"<div id=\"pl-36\"  class=\"panel-layout\" ><div id=\"pg-36-0\"  class=\"panel-grid panel-has-style\" ><div class=\"margen_interior panel-row-style panel-row-style-for-36-0\" ><div id=\"pgc-36-0-0\"  class=\"panel-grid-cell\" ><div id=\"panel-36-0-0-0\" class=\"so-panel widget widget_sow-editor panel-first-child panel-last-child\" data-index=\"0\" ><div\n\t\t\t\n\t\t\tclass=\"so-widget-sow-editor so-widget-sow-editor-base\"\n\t\t\t\n\t\t>\n<div class=\"siteorigin-widget-tinymce textwidget\">\n\t<p style=\"text-align: center;\"><strong>Gestionamos residuos corrosivos, inflamables, reactivos, t\u00f3xicos, donde podr\u00e1 identificar residuos compuestos o que contengan por ejemplo:<\/strong><\/p>\n<ul>\n<li>Medicamentos vencidos y\/o deteriorados.<\/li>\n<li>L\u00edquidos revelador y fijador de \u00e1reas de imagenolog\u00eda.<\/li>\n<li>Otros l\u00edquidos peligrosos de uso frecuente tales como Xilol,\u00a0Formaldeh\u00eddo, Alcoholes, Hidrocarburos.<\/li>\n<li>Productos desechados que contengan\u00a0metales pesados tales como, term\u00f3metros, tubos fluorescentes, ampolletas de ahorro, pilas y bater\u00edas de todo tipo.<\/li>\n<\/ul>\n<p>\u00a0<\/p>\n<p style=\"text-align: center;\"><strong>\u00bfC\u00d3MO FUNCIONA EL SERVICIO?<\/strong><\/p>\n<p style=\"text-align: center;\">Al igual que con los Residuos Especiales, formalizamos un contrato de servicios, donde se establecen las condiciones y obligaciones de usted como generador y de nosotros como gestionadores.<\/p>\n<p style=\"text-align: center;\">\u00a0<\/p>\n<p style=\"text-align: center;\"><strong>\u00bfQUE DIFERENCIAS EXISTEN ENTRE RESIDUOS ESPECIALES Y RESIDUOS PELIGROSOS?<\/strong><\/p>\n<p style=\"text-align: center;\">La diferencia est\u00e1 en la identificaci\u00f3n que les da la normativa vigente. Para conocer las principales, puede revisar la secci\u00f3n de Marco Regulatorio,\u00a0haciendo clic <a href=\"http:\/\/www.anfibiotgr.cl\/web\/marco-regulatorio\/\">AQU\u00cd<\/a>. Sin embargo la diferencia principal, es que <strong>todos los residuos peligrosos deben ser declarados por el Generador, en el portal del Gobierno creado para tal fin.<\/strong><\/p>\n<p style=\"text-align: center;\"><a href=\"http:\/\/vu.mma.gob.cl\/\"><img loading=\"lazy\" decoding=\"async\" class=\"alignnone size-medium wp-image-376\" src=\"http:\/\/www.anfibiotgr.cl\/web\/wp-content\/uploads\/2016\/01\/ventanillaunica-300x171.jpg\" alt=\"ventanillaunica\" width=\"300\" height=\"171\" srcset=\"https:\/\/www.anfibiotgr.cl\/web\/wp-content\/uploads\/2016\/01\/ventanillaunica-300x171.jpg 300w, https:\/\/www.anfibiotgr.cl\/web\/wp-content\/uploads\/2016\/01\/ventanillaunica.jpg 473w\" sizes=\"auto, (max-width: 300px) 100vw, 300px\" \/><\/a><\/p>\n<p><img loading=\"lazy\" decoding=\"async\" class=\"wp-image-305 size-large aligncenter\" src=\"http:\/\/www.anfibiotgr.cl\/web\/wp-content\/uploads\/2016\/01\/respel1-1024x425.jpg\" alt=\"respel1\" width=\"1024\" height=\"425\" srcset=\"https:\/\/www.anfibiotgr.cl\/web\/wp-content\/uploads\/2016\/01\/respel1-1024x425.jpg 1024w, https:\/\/www.anfibiotgr.cl\/web\/wp-content\/uploads\/2016\/01\/respel1-300x124.jpg 300w, https:\/\/www.anfibiotgr.cl\/web\/wp-content\/uploads\/2016\/01\/respel1-768x319.jpg 768w, https:\/\/www.anfibiotgr.cl\/web\/wp-content\/uploads\/2016\/01\/respel1.jpg 1601w\" sizes=\"auto, (max-width: 1024px) 100vw, 1024px\" \/><\/p>\n<p>\u00a0<\/p>\n<p>\u00a0<\/p>\n<\/div>\n<\/div><\/div><\/div><\/div><\/div><\/div>","protected":false},"excerpt":{"rendered":"<p>Gestionamos residuos corrosivos, inflamables, reactivos, t\u00f3xicos, donde podr\u00e1 identificar residuos compuestos o que contengan por ejemplo:Medicamentos vencidos y\/o deteriorados.L\u00edquidos revelador y fijador de \u00e1reas de imagenolog\u00eda.Otros l\u00edquidos peligrosos de uso frecuente tales como Xilol,\u00a0Formaldeh\u00eddo, Alcoholes, Hidrocarburos.Productos desechados que contengan\u00a0metales pesados tales como, term\u00f3metros, tubos fluorescentes, ampolletas de ahorro, pilas y bater\u00edas de todo tipo.\u00a0\u00bfC\u00d3MO FUNCIONA [&hellip;]<\/p>\n","protected":false},"author":1,"featured_media":0,"parent":8,"menu_order":0,"comment_status":"closed","ping_status":"closed","template":"","meta":{"footnotes":""},"class_list":["post-36","page","type-page","status-publish","hentry"],"_links":{"self":[{"href":"https:\/\/www.anfibiotgr.cl\/web\/wp-json\/wp\/v2\/pages\/36","targetHints":{"allow":["GET"]}}],"collection":[{"href":"https:\/\/www.anfibiotgr.cl\/web\/wp-json\/wp\/v2\/pages"}],"about":[{"href":"https:\/\/www.anfibiotgr.cl\/web\/wp-json\/wp\/v2\/types\/page"}],"author":[{"embeddable":true,"href":"https:\/\/www.anfibiotgr.cl\/web\/wp-json\/wp\/v2\/users\/1"}],"replies":[{"embeddable":true,"href":"https:\/\/www.anfibiotgr.cl\/web\/wp-json\/wp\/v2\/comments?post=36"}],"version-history":[{"count":10,"href":"https:\/\/www.anfibiotgr.cl\/web\/wp-json\/wp\/v2\/pages\/36\/revisions"}],"predecessor-version":[{"id":443,"href":"https:\/\/www.anfibiotgr.cl\/web\/wp-json\/wp\/v2\/pages\/36\/revisions\/443"}],"up":[{"embeddable":true,"href":"https:\/\/www.anfibiotgr.cl\/web\/wp-json\/wp\/v2\/pages\/8"}],"wp:attachment":[{"href":"https:\/\/www.anfibiotgr.cl\/web\/wp-json\/wp\/v2\/media?parent=36"}],"curies":[{"name":"wp","href":"https:\/\/api.w.org\/{rel}","templated":true}]}}