{"id":1816,"date":"2018-01-28T14:00:03","date_gmt":"2018-01-28T14:00:03","guid":{"rendered":"http:\/\/www.anfibiotgr.cl\/web\/?page_id=1816"},"modified":"2025-08-07T19:48:18","modified_gmt":"2025-08-07T19:48:18","slug":"blog-deporte","status":"publish","type":"page","link":"https:\/\/www.anfibiotgr.cl\/web\/blog-deporte\/","title":{"rendered":"REPORTAJES ,NOTICIAS Y BLOG DE DEPORTE"},"content":{"rendered":"<div id=\"pl-1816\"  class=\"panel-layout\" ><div id=\"pg-1816-0\"  class=\"panel-grid panel-no-style\" ><div id=\"pgc-1816-0-0\"  class=\"panel-grid-cell\" ><div id=\"panel-1816-0-0-0\" class=\"so-panel widget widget_sow-editor panel-first-child\" data-index=\"0\" ><div\n\t\t\t\n\t\t\tclass=\"so-widget-sow-editor so-widget-sow-editor-base\"\n\t\t\t\n\t\t>\n<div class=\"siteorigin-widget-tinymce textwidget\">\n\t<div class=\"field field-name-title field-type-ds field-label-hidden\">\n<div class=\"field-items\">\n<div class=\"field-item even\">\n<h2><a href=\"https:\/\/www.terram.cl\/alguien-sabe-realmente-hacia-donde-vamos-en-materia-ambiental\/\">\u00bfAlguien sabe realmente hac\u00eda d\u00f3nde vamos en materia ambiental?<\/a><\/h2>\n<h2><img decoding=\"async\" src=\"https:\/\/www.terram.cl\/wp-content\/uploads\/2024\/04\/logo-terram-1.png\" alt=\"Fundaci\u00f3n Terram\" \/><\/h2>\n<p><img decoding=\"async\" src=\"https:\/\/lanuevamirada.cl\/wp-content\/uploads\/2025\/08\/image-91.png\" \/><\/p>\n<h2><a href=\"https:\/\/interferencia.cl\/articulos\/permisologia-camara-da-luz-verde-ley-que-agiliza-aprobacion-de-proyectos-sectoriales-en\">\u201cPermisolog\u00eda\u201d: C\u00e1mara da luz verde a ley que agiliza aprobaci\u00f3n de proyectos sectoriales en medio de cr\u00edticas de ambientalistas<\/a><\/h2>\n<\/div>\n<\/div>\n<\/div>\n<div class=\"field field-name-field-authors field-type-entityreference field-label-hidden\">\n<div class=\"field-items\">\n<div class=\"field-item even\">Nicol\u00e1s Massai D.<\/div>\n<div class=\"field-item odd\">Joaqu\u00edn Riffo Burdiles<\/div>\n<\/div>\n<\/div>\n<div class=\"field field-name-post-date field-type-ds field-label-hidden\">\n<div class=\"field-items\">\n<div class=\"field-item even\">02\/07\/2025 - 06:0<img loading=\"lazy\" decoding=\"async\" class=\"img-responsive\" src=\"https:\/\/interferencia.cl\/sites\/default\/files\/styles\/article\/public\/whatsapp_image_2025-07-02_at_12.02.46_am.jpeg?itok=_WHZKHHl&amp;c=63c29112b4d4af5a17147384b7ae0e0e\" alt=\"\" width=\"900\" height=\"469\" \/><\/div>\n<\/div>\n<\/div>\n<h1><\/h1>\n<h1><\/h1>\n<h1 class=\"page-header\"><a href=\"https:\/\/www.paho.org\/es\/noticias\/30-7-2025-ops-apoyara-bolivia-actualizacion-normativa-sobre-residuos-hospitalarios\">OPS apoyar\u00e1 a Bolivia en la actualizaci\u00f3n de normativa sobre residuos hospitalarios<\/a><\/h1>\n<section id=\"block-bettersocialsharingbuttons\" class=\"settings-tray-editable block block-better-social-sharing-buttons block-social-sharing-buttons-block\" data-drupal-settingstray=\"editable\">\n<div class=\"social-sharing-buttons\"><\/div>\n<\/section>\n<article class=\"article full clearfix\">\n<footer>\n<div class=\"author\"><time title=\"Mi\u00e9rcoles, Julio 30, 2025 - 08:41\" datetime=\"2025-07-30T08:41:35-04:00\">30 Jul 2025<\/time><\/div>\n<\/footer>\n<div class=\"content\">\n<div class=\"field field--name-field-image field--type-image field--label-hidden field--items\">\n<div class=\"field--item\"><img loading=\"lazy\" decoding=\"async\" class=\"img-responsive\" src=\"https:\/\/www.paho.org\/sites\/default\/files\/styles\/max_1500x1500\/public\/2025-07\/normahospitalesbolivia1.jpg?itok=QExaxsNb\" alt=\"norma residuos hospitalarios\" width=\"1420\" height=\"947\" \/><\/div>\n<\/div>\n<\/div>\n<\/article>\n<h2><\/h2>\n<h2><\/h2>\n<h2><\/h2>\n<h2 class=\"titulo_grande\"><a href=\"https:\/\/www.ex-ante.cl\/los-proyectos-trabados-por-la-permisologia-y-las-posibilidades-de-que-salgan-en-2025\/\">Los proyectos trabados por la permisolog\u00eda y las posibilidades de que salgan en 2025, AQUI<\/a><\/h2>\n<h1>Permisolog\u00eda: Costo de Evaluaci\u00f3n de Impacto Ambiental de un proyecto se dispara al doble en cuatro a\u00f1os, alcanzando los $950 millones<\/h1>\n<h4><img decoding=\"async\" src=\"https:\/\/www.ex-ante.cl\/wp-content\/uploads\/2023\/09\/Portadas-reales-Ex-Ante-2023-09-06T133935.228-768x432.png\" \/><\/h4>\n<h4><\/h4>\n<h4><a href=\"https:\/\/www.elmostrador.cl\/agenda-pais\/agenda-sustentable\/2024\/12\/03\/chatarra-electronica-la-nueva-fuente-de-riqueza-para-organizaciones-criminales-internacionales\/\"><span style=\"color: #0000ff;\">SOSTENIBILIDAD,NOTICIAS EL MOSTRADOR , AQUI<\/span><\/a><\/h4>\n<h1 class=\"d-the-single__title | common:margin-bottom-25\">Chatarra electr\u00f3nica, la nueva fuente de riqueza para organizaciones criminales internacionales<\/h1>\n<p><img loading=\"lazy\" decoding=\"async\" class=\"alignnone size-large wp-image-5265\" src=\"http:\/\/www.anfibiotgr.cl\/web\/wp-content\/uploads\/2024\/12\/chatarra-electronica-1024x460.png\" alt=\"\" width=\"1024\" height=\"460\" srcset=\"https:\/\/www.anfibiotgr.cl\/web\/wp-content\/uploads\/2024\/12\/chatarra-electronica-1024x460.png 1024w, https:\/\/www.anfibiotgr.cl\/web\/wp-content\/uploads\/2024\/12\/chatarra-electronica-300x135.png 300w, https:\/\/www.anfibiotgr.cl\/web\/wp-content\/uploads\/2024\/12\/chatarra-electronica-768x345.png 768w, https:\/\/www.anfibiotgr.cl\/web\/wp-content\/uploads\/2024\/12\/chatarra-electronica.png 1096w\" sizes=\"auto, (max-width: 1024px) 100vw, 1024px\" \/><\/p>\n<p>&nbsp;<\/p>\n<p><a href=\"https:\/\/mma.gob.cl\/category\/noticias\/\">MINISTERIO DEL MEDIO AMBIENTE NOTICIAS AQUI<\/a><\/p>\n<h1 class=\"entry-title\">Meta de 1 mill\u00f3n de hect\u00e1reas fija Chile en Plan Nacional de Restauraci\u00f3n de Paisajes<\/h1>\n<p><img loading=\"lazy\" decoding=\"async\" class=\"aligncenter wp-image-3253\" src=\"http:\/\/www.anfibiotgr.cl\/web\/wp-content\/uploads\/2022\/02\/DSC3376_J.Herreros-1500x936-1024x639.jpg\" alt=\"\" width=\"452\" height=\"282\" srcset=\"https:\/\/www.anfibiotgr.cl\/web\/wp-content\/uploads\/2022\/02\/DSC3376_J.Herreros-1500x936-1024x639.jpg 1024w, https:\/\/www.anfibiotgr.cl\/web\/wp-content\/uploads\/2022\/02\/DSC3376_J.Herreros-1500x936-300x187.jpg 300w, https:\/\/www.anfibiotgr.cl\/web\/wp-content\/uploads\/2022\/02\/DSC3376_J.Herreros-1500x936-768x479.jpg 768w, https:\/\/www.anfibiotgr.cl\/web\/wp-content\/uploads\/2022\/02\/DSC3376_J.Herreros-1500x936.jpg 1500w\" sizes=\"auto, (max-width: 452px) 100vw, 452px\" \/><\/p>\n<p>&nbsp;<\/p>\n<p><a href=\"http:\/\/www.elovallino.cl\/tags\/sequia\">SEQUIA NOTICIAS AQUI<\/a><\/p>\n<h1 class=\"entry-title\">\"Region de coquimbo no presenta condiciones para bombardeo de nubes\"<\/h1>\n<h3><\/h3>\n<p><img loading=\"lazy\" decoding=\"async\" class=\"aligncenter wp-image-3263\" src=\"http:\/\/www.anfibiotgr.cl\/web\/wp-content\/uploads\/2022\/02\/lcg_5158a.jpg\" alt=\"\" width=\"444\" height=\"296\" srcset=\"https:\/\/www.anfibiotgr.cl\/web\/wp-content\/uploads\/2022\/02\/lcg_5158a.jpg 800w, https:\/\/www.anfibiotgr.cl\/web\/wp-content\/uploads\/2022\/02\/lcg_5158a-300x200.jpg 300w, https:\/\/www.anfibiotgr.cl\/web\/wp-content\/uploads\/2022\/02\/lcg_5158a-768x512.jpg 768w, https:\/\/www.anfibiotgr.cl\/web\/wp-content\/uploads\/2022\/02\/lcg_5158a-272x182.jpg 272w\" sizes=\"auto, (max-width: 444px) 100vw, 444px\" \/><\/p>\n<p>&nbsp;<\/p>\n<p><a href=\"https:\/\/www.gob.cl\/plansequia\/\">PLAN SEQUIA,AQUI<\/a><\/p>\n<h1 class=\"entry-title\">\"O CUIDAMOS EL AGUA O NOS QUEDAMOS SIN ELLA\u201d<\/h1>\n<p>&nbsp;<\/p>\n<p><iframe loading=\"lazy\" title=\"#Hay2opciones: O cuidamos el agua o nos quedamos sin ella\" width=\"500\" height=\"281\" src=\"https:\/\/www.youtube.com\/embed\/8eaJrxoxT8Y?start=13&feature=oembed\" frameborder=\"0\" allow=\"accelerometer; autoplay; clipboard-write; encrypted-media; gyroscope; picture-in-picture; web-share\" referrerpolicy=\"strict-origin-when-cross-origin\" allowfullscreen><\/iframe><\/p>\n<p>&nbsp;<\/p>\n<p><a href=\"https:\/\/alianzabasuracero.cl\/noticias\/\">BASURA CERO NOTICIAS AQUI<\/a><\/p>\n<h1 class=\"entry-title\">Se aprueba en general nuestra Iniciativa Convencional \u201cGesti\u00f3n Sustentable de Bienes Naturales, Residuos y\u00a0Basura\u201d<\/h1>\n<p>&nbsp;<\/p>\n<p><img loading=\"lazy\" decoding=\"async\" class=\"aligncenter wp-image-3255\" src=\"http:\/\/www.anfibiotgr.cl\/web\/wp-content\/uploads\/2022\/02\/cropped-diseno-sin-titulo-6.png\" alt=\"\" width=\"518\" height=\"138\" srcset=\"https:\/\/www.anfibiotgr.cl\/web\/wp-content\/uploads\/2022\/02\/cropped-diseno-sin-titulo-6.png 750w, https:\/\/www.anfibiotgr.cl\/web\/wp-content\/uploads\/2022\/02\/cropped-diseno-sin-titulo-6-300x80.png 300w\" sizes=\"auto, (max-width: 518px) 100vw, 518px\" \/><\/p>\n<p>&nbsp;<\/p>\n<p style=\"text-align: center;\">\n<\/div>\n<\/div><\/div><div id=\"panel-1816-0-0-1\" class=\"so-panel widget widget_sow-editor panel-last-child\" data-index=\"1\" ><div\n\t\t\t\n\t\t\tclass=\"so-widget-sow-editor so-widget-sow-editor-base\"\n\t\t\t\n\t\t><h3 class=\"widget-title\">BLOG DE DEPORTES<\/h3>\n<div class=\"siteorigin-widget-tinymce textwidget\">\n\t<p>&nbsp;<\/p>\n<p style=\"text-align: center;\"><strong>CONSEJOS PARA AFRONTAR PRUEBAS MARATHON<br \/>\n<\/strong><em>(desde el sitio web http:\/\/www.mtbymas.com)<\/em><\/p>\n<p>Esta es la ultima moda llegada al mountain bike las carreras marat\u00f3n hacen furor, pero estas pruebas no son f\u00e1ciles y suelen suponer muchas horas encima de una bicicleta, para ciclistas con forma f\u00edsica normal, ponen al limite nuestra capacidad f\u00edsica y la de nuestra maquina, vamos a intentar dar algunos consejos para afrontar esta pruebas \u201cno-competitivas\u201d.<\/p>\n<p><strong>PRIMERO<\/strong>- En cuanto a la semana anterior y aunque cada persona es un mundo es recomendable no machacarse con la bici, hay que llegar fresco y descansado y si es posible con ganas de bici. Llega con tiempo a la salida y evita agobios en la misma. Importante si tu forma f\u00edsica es normalita no te pongas entre los primeros evitaras peligros en la salida de las pruebas y no molestaras a otros participantes. Una vez en la marcha, lo primero es afrontarla con calma y tranquilidad, si no vas a disputarla, hay que salir al ralent\u00ed, pensando en todo momento que queda mucho por delante y sin dar el m\u00e1ximo en ning\u00fan momento.<\/p>\n<p><strong>SEGUNDO<\/strong>- Comer y beber sobre todo beber abundantemente durante la prueba, es importante llevar comida y bebida pues en estas pruebas muchas veces llegas al avituallamiento y ya no queda nada, asimismo hay que beber regularmente durante la misma, es imprescindible una mochila de hidrataci\u00f3n.<\/p>\n<p><strong>TERCERO<\/strong>- Precauci\u00f3n, hay que tener cuidado en este tipo de pruebas, primero con los dem\u00e1s participantes, hay mucha gente que va en modo pro sin respetar a nadie ni en llano ni en subidas ni en bajadas. Asimismo hay que tener precauci\u00f3n en la parte final de estas pruebas con el cansancio, que nos puede dar un disgusto al bajar nuestro nivel de atenci\u00f3n y podemos tener un accidente por un despiste.<\/p>\n<p><strong>CUARTO<\/strong>- Baj\u00f3n f\u00edsico, es habitual en pruebas de estas pasar por momento de baj\u00f3n en los que se nos viene el mundo encima, en estos momentos hay que mantener la calma e intentar sobrellevarlos bajando el ritmo hasta que recuperemos, muchas veces estos bajones llegan tras momentos de euforia en que damos el m\u00e1ximo. Es importante no desmoralizarse y no pensar en principio en el abandono siempre dentro de lo razonable.<\/p>\n<p><strong>QUINTO<\/strong>- No fiarse nunca de los recorridos presuntos de estas pruebas, si algo nos ha ense\u00f1ado participar en ellas es que muchas veces el recorrido presunto no coincide con el real ni el perfil, abstenerse de preguntar a la gente de los avituallamiento pues rara vez tiene idea del recorrido y suelen desformar. Radio macuto no es buena ayuda en estas marchas.<\/p>\n<p><strong>SEXTO<\/strong>- Solidaridad con los dem\u00e1s participantes, no es una competici\u00f3n y detenerse a ayudar a los que se hayan ca\u00eddo es un deber, asimismo se debe prestar ayuda a todo el que la necesite, nunca se sabe si uno ser\u00e1 el siguiente en necesitar ayuda. Es importante ir con un esp\u00edritu relajado a estas pruebas al fin y al cabo no nos jugamos nada.<\/p>\n<p><strong>SEPTIMO<\/strong>- Si es posible hacerla con un grupo de nuestro mismo nivel nos podremos ayudar los unos a los otros en los momentos mas bajos. Si vas con gente que ande menos que tu no los abandones pues lo pasaran mal, a su baj\u00f3n f\u00edsico le seguir\u00e1 un baj\u00f3n moral.<\/p>\n<p><strong>OTRO APARTADO ES LA BICI<\/strong><\/p>\n<p><strong>PRIMERO<\/strong>- Llegar a la prueba con la bici en perfecto estado, nada de andar cambi\u00e1ndole cosas y ajust\u00e1ndola antes de la salida.<\/p>\n<p><strong>SEGUNDO<\/strong>-Hay que saber como m\u00ednimo cambiar pinchazos, cadenas y llevar como m\u00ednimo una multiherramienta.<\/p>\n<p><strong>TERCERO<\/strong>- No estrenar nada el d\u00eda de la carrera, puede estar desajustada y darnos el d\u00eda, esto es extensible a nuestra ropa zapatillas culotte y maillot, si nos va mal y nos roza lo pasaremos mal.<\/p>\n<p><strong>CUARTO<\/strong>-Es importante llevar un sill\u00edn c\u00f3modo, nada de mini sillines duros de competici\u00f3n, son muchas horas y tu trasero lo pagara.<\/p>\n<p><strong>QUINTO<\/strong>- La ayuda de un GPS y un cuenta kilometros puede ser buena, pero si nos obsesionamos con la distancia esta se nos har\u00e1n eternos<\/p>\n<p><strong>SEXTO<\/strong>- Una doble nos ayudara a pasar mejor el d\u00eda pues son muchas horas encima de la bici, tambi\u00e9n llevaremos mas peso a cuestas.<\/p>\n<p><strong>SEPTIMO<\/strong>- Hay gente que cambia cubiertas seg\u00fan el recorrido, pero no es necesario, con un simple ajuste de presiones es suficiente.<\/p>\n<p><img loading=\"lazy\" decoding=\"async\" class=\"aligncenter size-large wp-image-1820\" src=\"http:\/\/www.anfibiotgr.cl\/web\/wp-content\/uploads\/2018\/01\/blog-1024x427.jpg\" alt=\"blog\" width=\"1024\" height=\"427\" srcset=\"https:\/\/www.anfibiotgr.cl\/web\/wp-content\/uploads\/2018\/01\/blog-1024x427.jpg 1024w, https:\/\/www.anfibiotgr.cl\/web\/wp-content\/uploads\/2018\/01\/blog-300x125.jpg 300w, https:\/\/www.anfibiotgr.cl\/web\/wp-content\/uploads\/2018\/01\/blog-768x320.jpg 768w, https:\/\/www.anfibiotgr.cl\/web\/wp-content\/uploads\/2018\/01\/blog.jpg 1620w\" sizes=\"auto, (max-width: 1024px) 100vw, 1024px\" \/><\/p>\n<p style=\"text-align: center;\">---------------------- o\u00a0----------------------<\/p>\n<p style=\"text-align: center;\"><strong>TRAIL RUNNING - 10 CONSEJOS ESENCIALES<br \/>\n<\/strong><em>(desde el sitio web http:\/\/www.asics.com)<\/em><\/p>\n<p>Con el equipo y los accesorios adecuados podr\u00e1s disfrutar de tus carreras de trail running por las superficies m\u00e1s dif\u00edciles. Descubre qu\u00e9 necesitas para garantizar tu protecci\u00f3n, comodidad y sujeci\u00f3n y qu\u00e9 debes llevarte para orientarte en tus rutas de trail.<\/p>\n<p><strong>1. USA ZAPATILLAS DE TRAIL RUNNING Y ASEGURA UN AGARRE \u00d3PTIMO<\/strong><br \/>\nLo m\u00e1s importante para practicar este deporte es contar con unas buenas zapatillas de trail running. El agarre de las zapatillas es fundamental para correr por superficies de monta\u00f1a y prevenir los resbalones en los tramos de pendiente.<\/p>\n<p><strong>2. LL\u00c9VATE UNA MOCHILA CON COMPARTIMENTO PARA L\u00cdQUIDOS Y MANTENTE HIDRATADO<\/strong><br \/>\nEs posible que no encuentres ninguna fuente de agua a lo largo de la ruta de tu carrera de trail. Para evitar esta situaci\u00f3n, lo mejor es que te lleves contigo una mochila con compartimento para l\u00edquidos.<\/p>\n<p><strong>3. USA PRENDAS QUE TE PERMITAN MOVERTE CON LIBERTAD SIN LIMITAR EL MOVIMIENTO DE LA PARTE SUPERIOR DEL CUERPO<\/strong><br \/>\nCuando corremos cuesta arriba acentuamos el balanceo de los brazos para impulsarnos hacia adelante. En las superficies m\u00e1s t\u00e9cnicas y dif\u00edciles tambi\u00e9n es necesario realizar movimientos r\u00e1pidos para mantener el equilibrio. Para ello, debemos usar siempre camisetas o sudaderas que nos permitan movernos con total libertad y sin restricciones.<\/p>\n<p><strong>4. USA UNA CHAQUETA PLEGABLE PARA PROTEGERTE DEL FR\u00cdO Y LA LLUVIA<\/strong><br \/>\nAlgunas rutas de trail pasan por zonas todav\u00eda inexploradas, lo cual exige ir bien preparado para cualquier cambio de tiempo. Las propiedades impermeables de las chaquetas plegables permiten que te mantengas seco en todo momento.<\/p>\n<p><strong>5. USA MALLAS DE TRAIL PARA MANTENER TUS PIERNAS PROTEGIDAS<\/strong><br \/>\nEl tejido resistente de las mallas de trail permite mantener tus piernas protegidas en todo momento. Asimismo, la elasticidad de su tejido garantiza una gran comodidad y permite que te muevas con total libertad.<\/p>\n<p><strong>6. USA MAPAS Y DISPOSITIVOS GPS PARA MANTENERTE DENTRO DE TU RUTA<\/strong><br \/>\nCorrer por rutas de monta\u00f1a requiere una buena orientaci\u00f3n espacial para evitar salirse de la ruta marcada. Un mapa y una br\u00fajula pueden darte la tranquilidad que necesitas. Adem\u00e1s, si te llevas contigo un dispositivo GPS podr\u00e1s registrar tu carrera y controlar tus progresos a trav\u00e9s de MY ASICS.<\/p>\n<p><strong>7. LL\u00c9VATE UNAS ZAPATILLAS DE REPUESTO PARA SUPERAR LAS DIFERENTES SUPERFICIES EN TU RUTA<\/strong><br \/>\nTu ruta puede incluir diferentes tipos de superficie. Ll\u00e9vate un par de zapatillas de repuesto para evitar sorpresas. Lo mejor es usar zapatillas de trail ligeras en los ascensos y zapatillas con buenas propiedades de agarre en los descensos.<\/p>\n<p><strong>8. LL\u00c9VATE BARRITAS Y GELES ENERG\u00c9TICOS PARA REPONER ENERG\u00cdA<\/strong><br \/>\nAunque es fundamental comer algo durante tus carreras de trail, no es conveniente llenar la mochila de provisiones. Lo mejor es llevar alimentos de peque\u00f1o tama\u00f1o y peso como las barritas y los geles energ\u00e9ticos.<\/p>\n<p><strong>9. USA POLAINAS PARA MANTENER LOS PIES ABRIGADOS Y C\u00d3MODOS<\/strong><br \/>\nCorrer por superficies de monta\u00f1a implica tener que sortear piedras y obst\u00e1culos. Las polainas protegen tus zapatillas y evitan la entrada de piedras y tierra.<\/p>\n<p><strong>10. USA UNA GORRA DE RUNNING PARA PROTEGER TUS OJOS DEL SOL<\/strong><br \/>\nLa gorra de running te permite mantener la cara y los ojos protegidos del sol y prestar m\u00e1s atenci\u00f3n a la superficie que pisas.<\/p>\n<p><img loading=\"lazy\" decoding=\"async\" class=\"aligncenter size-large wp-image-1823\" src=\"http:\/\/www.anfibiotgr.cl\/web\/wp-content\/uploads\/2018\/01\/blog2-1024x422.jpg\" alt=\"blog2\" width=\"1024\" height=\"422\" srcset=\"https:\/\/www.anfibiotgr.cl\/web\/wp-content\/uploads\/2018\/01\/blog2-1024x422.jpg 1024w, https:\/\/www.anfibiotgr.cl\/web\/wp-content\/uploads\/2018\/01\/blog2-300x124.jpg 300w, https:\/\/www.anfibiotgr.cl\/web\/wp-content\/uploads\/2018\/01\/blog2-768x316.jpg 768w, https:\/\/www.anfibiotgr.cl\/web\/wp-content\/uploads\/2018\/01\/blog2.jpg 1620w\" sizes=\"auto, (max-width: 1024px) 100vw, 1024px\" \/><\/p>\n<p style=\"text-align: center;\">---------------------- o\u00a0----------------------<\/p>\n<\/div>\n<\/div><\/div><\/div><\/div><\/div>","protected":false},"excerpt":{"rendered":"<p>\u00bfAlguien sabe realmente hac\u00eda d\u00f3nde vamos en materia ambiental? \u201cPermisolog\u00eda\u201d: C\u00e1mara da luz verde a ley que agiliza aprobaci\u00f3n de proyectos sectoriales en medio de cr\u00edticas de ambientalistas Nicol\u00e1s Massai D. Joaqu\u00edn Riffo Burdiles 02\/07\/2025 &#8211; 06:0 OPS apoyar\u00e1 a Bolivia en la actualizaci\u00f3n de normativa sobre residuos hospitalarios 30 Jul 2025 Los proyectos trabados [&hellip;]<\/p>\n","protected":false},"author":2,"featured_media":0,"parent":0,"menu_order":0,"comment_status":"closed","ping_status":"closed","template":"","meta":{"footnotes":""},"class_list":["post-1816","page","type-page","status-publish","hentry"],"_links":{"self":[{"href":"https:\/\/www.anfibiotgr.cl\/web\/wp-json\/wp\/v2\/pages\/1816","targetHints":{"allow":["GET"]}}],"collection":[{"href":"https:\/\/www.anfibiotgr.cl\/web\/wp-json\/wp\/v2\/pages"}],"about":[{"href":"https:\/\/www.anfibiotgr.cl\/web\/wp-json\/wp\/v2\/types\/page"}],"author":[{"embeddable":true,"href":"https:\/\/www.anfibiotgr.cl\/web\/wp-json\/wp\/v2\/users\/2"}],"replies":[{"embeddable":true,"href":"https:\/\/www.anfibiotgr.cl\/web\/wp-json\/wp\/v2\/comments?post=1816"}],"version-history":[{"count":25,"href":"https:\/\/www.anfibiotgr.cl\/web\/wp-json\/wp\/v2\/pages\/1816\/revisions"}],"predecessor-version":[{"id":5524,"href":"https:\/\/www.anfibiotgr.cl\/web\/wp-json\/wp\/v2\/pages\/1816\/revisions\/5524"}],"wp:attachment":[{"href":"https:\/\/www.anfibiotgr.cl\/web\/wp-json\/wp\/v2\/media?parent=1816"}],"curies":[{"name":"wp","href":"https:\/\/api.w.org\/{rel}","templated":true}]}}