{"id":1113,"date":"2016-12-13T17:22:24","date_gmt":"2016-12-13T17:22:24","guid":{"rendered":"http:\/\/www.anfibiotgr.cl\/web\/?page_id=1113"},"modified":"2017-01-06T17:08:42","modified_gmt":"2017-01-06T17:08:42","slug":"lectura","status":"publish","type":"page","link":"https:\/\/www.anfibiotgr.cl\/web\/lectura\/","title":{"rendered":"Lectura y Estudios Asociados<br>al Manejo de Residuos"},"content":{"rendered":"<div id=\"pl-1113\"  class=\"panel-layout\" ><div id=\"pg-1113-0\"  class=\"panel-grid panel-no-style\" ><div id=\"pgc-1113-0-0\"  class=\"panel-grid-cell\" ><div id=\"panel-1113-0-0-0\" class=\"so-panel widget widget_sow-editor panel-first-child\" data-index=\"0\" ><div\n\t\t\t\n\t\t\tclass=\"so-widget-sow-editor so-widget-sow-editor-base\"\n\t\t\t\n\t\t>\n<div class=\"siteorigin-widget-tinymce textwidget\">\n\t<p><strong>Anfibio presentar\u00e1 en esta secci\u00f3n una serie de estudios y lecturas relacionados al Manejo de Residuos, tales como beneficios del uso de tecnolog\u00edas limpias por sobre los m\u00e9todos\u00a0usuales de tratamiento, experiencias de establecimientos generadores, estudios formales de accidentabilidad, noticias, entre otros.<br \/><\/strong><\/p>\n<p style=\"text-align: justify;\">\u00a0<\/p>\n<\/div>\n<\/div><\/div><div id=\"panel-1113-0-0-1\" class=\"so-panel widget widget_sow-editor\" data-index=\"1\" ><div\n\t\t\t\n\t\t\tclass=\"so-widget-sow-editor so-widget-sow-editor-base\"\n\t\t\t\n\t\t>\n<div class=\"siteorigin-widget-tinymce textwidget\">\n\t<p><strong><img loading=\"lazy\" decoding=\"async\" class=\"wp-image-1153  alignleft\" src=\"http:\/\/www.anfibiotgr.cl\/web\/wp-content\/uploads\/2016\/12\/logo-colegio-medico-222x300.png\" alt=\"logo-colegio-medico\" width=\"142\" height=\"192\" srcset=\"https:\/\/www.anfibiotgr.cl\/web\/wp-content\/uploads\/2016\/12\/logo-colegio-medico-222x300.png 222w, https:\/\/www.anfibiotgr.cl\/web\/wp-content\/uploads\/2016\/12\/logo-colegio-medico.png 330w\" sizes=\"auto, (max-width: 142px) 100vw, 142px\" \/>Incineraci\u00f3n de Residuos Hospitalarios, Farmac\u00e9uticos y Peligrosos. Riesgos para la Salud .<br \/>(Dr. Andrei N. Tchernitchin, Presidente del Departamento de Medio Ambiente, Colegio M\u00e9dico de Chile A.G.)<\/strong><\/p>\n<p style=\"text-align: justify;\">La incineraci\u00f3n industrial de residuos hospitalarios, farmac\u00e9uticos y peligrosos, contribuye a la emisi\u00f3n de diversos contaminantes ambientales. Varios de estos contaminantes son especialmente relevantes: dioxinas, otros compuestos org\u00e1nicos persistentes policlorados, hidrocarburos polic\u00edclicos arom\u00e1ticos, metales pesados. Estos producen efectos adversos sobre la salud de tipo inmediato o tempranos por exposici\u00f3n aguda, efectos progresivos causados por exposici\u00f3n cr\u00f3nica, y efectos diferidos, como c\u00e1ncer (que se puede manifestar a los 30 a\u00f1os despu\u00e9s de iniciada la exposici\u00f3n), malformaciones fetales y mutaciones; adem\u00e1s causa efectos irreversibles inducidos por exposici\u00f3n prenatal, neonatal o infantil por el mecanismo del imprinting (programaci\u00f3n celular), y que determinan el desarrollo de enfermedades m\u00e1s tarde en la vida.<\/p>\n<p style=\"text-align: justify;\"><a href=\"http:\/\/www.anfibiotgr.cl\/web\/wp-content\/uploads\/2016\/12\/Incineracion-Riesgos-para-la-Salud.pdf\" target=\"_blank\">Descargar para continuar la lectura<\/a><\/p>\n<\/div>\n<\/div><\/div><div id=\"panel-1113-0-0-2\" class=\"so-panel widget widget_sow-editor\" data-index=\"2\" ><div\n\t\t\t\n\t\t\tclass=\"so-widget-sow-editor so-widget-sow-editor-base\"\n\t\t\t\n\t\t>\n<div class=\"siteorigin-widget-tinymce textwidget\">\n\t<p><strong><img loading=\"lazy\" decoding=\"async\" class=\" wp-image-1171 alignleft\" src=\"http:\/\/www.anfibiotgr.cl\/web\/wp-content\/uploads\/2016\/12\/logo-gorbea-300x252.png\" alt=\"logo-gorbea\" width=\"209\" height=\"176\" srcset=\"https:\/\/www.anfibiotgr.cl\/web\/wp-content\/uploads\/2016\/12\/logo-gorbea-300x252.png 300w, https:\/\/www.anfibiotgr.cl\/web\/wp-content\/uploads\/2016\/12\/logo-gorbea.png 548w\" sizes=\"auto, (max-width: 209px) 100vw, 209px\" \/>Analizan posible contaminaci\u00f3n en huertos frutales de Gorbea por planta incineradora de residuos.<br \/>(Lunes 26 de diciembre de 2016, Portal de Noticias BioBioChile.)<\/strong><\/p>\n<p style=\"text-align: justify;\">Un estudio para detectar posibles agentes contaminantes en los huertos frutales ubicados en las inmediaciones de la empresa Ingemedical, se est\u00e1 realizando en el l\u00edmite de las comunas de Loncoche y Gorbea. La medida consiste en la toma de muestras de los frutales menores que existen en un radio de 5 kil\u00f3metros en torno a la planta incineradora de residuos hospitalarios e industriales.\u00a0El an\u00e1lisis fue solicitado por los fruticultores de la zona al ministro de Agricultura, Carlos Furche, en su \u00faltima visita a la regi\u00f3n y su objetivo es detectar eventuales metales pesados. El presidente de la junta de vecinos del sector Quesquechan, Alex Ceballos, dijo que las muestras ser\u00e1n analizadas por equipos especializados en la regi\u00f3n Metropolitana.<\/p>\n<p style=\"text-align: justify;\"><a href=\"http:\/\/www.biobiochile.cl\/noticias\/nacional\/region-de-la-araucania\/2016\/12\/26\/estudio-detectara-contaminacion-en-huertos-frutales-de-gorbea-por-planta-incineradora-de-residuos.shtml\" target=\"_blank\">Descargar para continuar la lectura<\/a><\/p>\n<\/div>\n<\/div><\/div><div id=\"panel-1113-0-0-3\" class=\"so-panel widget widget_sow-editor\" data-index=\"3\" ><div\n\t\t\t\n\t\t\tclass=\"so-widget-sow-editor so-widget-sow-editor-base\"\n\t\t\t\n\t\t>\n<div class=\"siteorigin-widget-tinymce textwidget\">\n\t<p><img loading=\"lazy\" decoding=\"async\" class=\"wp-image-1159  alignleft\" src=\"http:\/\/www.anfibiotgr.cl\/web\/wp-content\/uploads\/2016\/12\/Logo-Salud-sin-Sa\u00f1o-300x256.png\" alt=\"logo-salud-sin-sano\" width=\"198\" height=\"169\" srcset=\"https:\/\/www.anfibiotgr.cl\/web\/wp-content\/uploads\/2016\/12\/Logo-Salud-sin-Sa\u00f1o-300x256.png 300w, https:\/\/www.anfibiotgr.cl\/web\/wp-content\/uploads\/2016\/12\/Logo-Salud-sin-Sa\u00f1o.png 363w\" sizes=\"auto, (max-width: 198px) 100vw, 198px\" \/><\/p>\n<p><strong>Alternativas a la incineraci\u00f3n.<br \/>(Portal Salud Sin Da\u00f1o, saludsindanio.org)<\/strong><\/p>\n<p style=\"text-align: justify;\">Adem\u00e1s de la minimizaci\u00f3n y segregaci\u00f3n de residuos, otro tema fundamental relacionado con la gesti\u00f3n de residuos hospitalarios es cual es la de la mejor opci\u00f3n para aquellos residuos cuya generaci\u00f3n resulte inevitable y requieran un tratamiento especial.<\/p>\n<p style=\"text-align: justify;\">Anteriormente, la tecnolog\u00eda elegida era la incineraci\u00f3n. Pero \u00e9sta inevitablemente produce dioxinas, una de las sustancias contaminantes m\u00e1s t\u00f3xicas y persistentes conocidas por la ciencia. La mayor\u00eda de los pa\u00edses industrializados insisten en implementar medidas de control complejas y costosas para capturar tales sustancias. Luego se debe realizar la disposici\u00f3n especial de los subproductos generados, por ejemplo las cenizas de la combusti\u00f3n, por tratarse de residuos peligrosos.<\/p>\n<p style=\"text-align: justify;\"><a href=\"https:\/\/saludsindanio.org\/americalatina\/temas\/alternativas-incineracion\" target=\"_blank\">Descargar para continuar la lectura<\/a><\/p>\n<p style=\"text-align: justify;\"><em><strong>Sobre Salud Sin Da\u00f1o<\/strong>: es una coalici\u00f3n internacional de hospitales y sistemas de salud, trabajadores y profesionales de la salud, grupos de la comunidad, sindicatos y organizaciones ambientalistas que se proponen transformar mundialmente el sector de cuidado de la salud \u2014 sin comprometer la seguridad o el cuidado del paciente \u2014 de modo que sea ecol\u00f3gicamente sostenible y un importante promotor de la salud y la justicia ambientales.<\/em><\/p>\n<\/div>\n<\/div><\/div><div id=\"panel-1113-0-0-4\" class=\"so-panel widget widget_sow-editor\" data-index=\"4\" ><div\n\t\t\t\n\t\t\tclass=\"so-widget-sow-editor so-widget-sow-editor-base\"\n\t\t\t\n\t\t>\n<div class=\"siteorigin-widget-tinymce textwidget\">\n\t<p><img loading=\"lazy\" decoding=\"async\" class=\"wp-image-1156 size-thumbnail alignleft\" src=\"http:\/\/www.anfibiotgr.cl\/web\/wp-content\/uploads\/2016\/12\/logo-isp-150x150.png\" alt=\"logo-isp\" width=\"150\" height=\"150\" \/><\/p>\n<p><strong>Gu\u00eda preventiva de recomendaciones para trabajadores(as) sanitarios en manejo de material cortopunzante.<br \/>(Instituto de Salud Publica, Ministerio de Salud, Chile)<\/strong><\/p>\n<p style=\"text-align: justify;\">Los trabajadores sanitarios como estudiantes son personas cuyas actividades implican el permanente contacto con sangre u otros fluidos corporales contaminados. El riesgo de infecci\u00f3n por exposici\u00f3n ocupacional a los agentes pat\u00f3genos transmitidos por la sangre puede ocurrir cuando los trabajadores sufren una lesi\u00f3n penetrantqe en la piel o por lesiones causadas por elementos cortantes, llamados accidentes corto-punzantes, principalmente pinchazos con agujas.<\/p>\n<p style=\"text-align: justify;\"><a href=\"http:\/\/www.anfibiotgr.cl\/web\/wp-content\/uploads\/2016\/12\/Guia-Preventiva-Cortopunzantes.pdf\">Descargar para continuar la lectura<\/a><\/p>\n<\/div>\n<\/div><\/div><div id=\"panel-1113-0-0-5\" class=\"so-panel widget widget_sow-editor\" data-index=\"5\" ><div\n\t\t\t\n\t\t\tclass=\"so-widget-sow-editor so-widget-sow-editor-base\"\n\t\t\t\n\t\t>\n<div class=\"siteorigin-widget-tinymce textwidget\">\n\t<p><img loading=\"lazy\" decoding=\"async\" class=\"wp-image-1155  alignleft\" src=\"http:\/\/www.anfibiotgr.cl\/web\/wp-content\/uploads\/2016\/12\/logo-hospital-felix-bulnes-150x150.png\" alt=\"logo-hospital-felix-bulnes\" width=\"175\" height=\"175\" srcset=\"https:\/\/www.anfibiotgr.cl\/web\/wp-content\/uploads\/2016\/12\/logo-hospital-felix-bulnes-150x150.png 150w, https:\/\/www.anfibiotgr.cl\/web\/wp-content\/uploads\/2016\/12\/logo-hospital-felix-bulnes.png 250w\" sizes=\"auto, (max-width: 175px) 100vw, 175px\" \/><\/p>\n<p><strong>Exposici\u00f3n laboral a fluidos corporales de riesgo en el Hospital Cl\u00ednico F\u00e9lix Bulnes Cerda durante 11 a\u00f1os de estudio.<br \/>(Hospital F\u00e9liz Bulnes, Ministerio de Salud, Chile)<\/strong><\/p>\n<p style=\"text-align: justify;\">El personal de salud est\u00e1 enfrentado a diversos riesgos por exposici\u00f3n a sustancias biol\u00f3gicas, qu\u00edmicas y a accidentes con material corto punzante, los que constituyen una emergencia en infectolog\u00eda. Prevenir la exposici\u00f3n es la mejor forma de evitar la transmisi\u00f3n, y por cierto, la m\u00e1s econ\u00f3mica. Desde la aparici\u00f3n de la epidemia de SIDA, existe mayor conciencia sobre los riesgos de exposici\u00f3n en el ambiente laboral a virus de hepatitis B (VHB), virus de hepatitis C (VHC) y virus de inmunodeficiencia humana (VIH).<br \/>Un tercio de los accidentes laborales notificados que afectan a funcionarios de la salud lo constituyen los accidentes corto-punzantes, con el consiguiente riesgo de infecci\u00f3n por VHB, VHC, VIH y otros pat\u00f3genos transmitidos por la sangre, riesgo relativo cuantificado para cada tipo de exposici\u00f3n por diversos estudios. En Estados Unidos de Am\u00e9rica (E.U.A.), 4 millones de trabajadores \u00a0de la salud presentan accidentes de trabajo por exposici\u00f3n a sangre y\/o fluidos corporales, de los cuales 800.000 son secundarios a accidentes corto-punzantes.<\/p>\n<p><a href=\"http:\/\/www.anfibiotgr.cl\/web\/wp-content\/uploads\/2016\/12\/Exposicion-laboral-a-fluidos-corporales-de-riesgo.pdf\" target=\"_blank\">Descargar para continuar la lectura<\/a><\/p>\n<\/div>\n<\/div><\/div><div id=\"panel-1113-0-0-6\" class=\"so-panel widget widget_sow-editor\" data-index=\"6\" ><div\n\t\t\t\n\t\t\tclass=\"so-widget-sow-editor so-widget-sow-editor-base\"\n\t\t\t\n\t\t>\n<div class=\"siteorigin-widget-tinymce textwidget\">\n\t<p><img loading=\"lazy\" decoding=\"async\" class=\"wp-image-1154  alignleft\" src=\"http:\/\/www.anfibiotgr.cl\/web\/wp-content\/uploads\/2016\/12\/logo-greenpeace-300x206.png\" alt=\"logo-greenpeace\" width=\"240\" height=\"165\" srcset=\"https:\/\/www.anfibiotgr.cl\/web\/wp-content\/uploads\/2016\/12\/logo-greenpeace-300x206.png 300w, https:\/\/www.anfibiotgr.cl\/web\/wp-content\/uploads\/2016\/12\/logo-greenpeace.png 755w\" sizes=\"auto, (max-width: 240px) 100vw, 240px\" \/><\/p>\n<p><strong>La incineraci\u00f3n de residuos hospitalarios da\u00f1a la salud<br \/>(Greenpeace, \u00a0Argentina)<\/strong><\/p>\n<p style=\"text-align: justify;\">Desde anta\u00f1o, pero especialmente con el descubrimiento del sida -S\u00edndrome de Inmunodeficiencia Adquirida- el destino de los residuos generados en hospitales y centros sanitarios -que llamaremos globalmente en este informe \"residuos hospitalarios\"- ha sido motivo de preocupaci\u00f3n en los sectores vinculados a la protecci\u00f3n de la salud. Sin embargo, sin la presencia de objetos cortantes -tales como agujas- que faciliten la transmisi\u00f3n es extremadamente improbable que el virus del sida o el de la hepatitis-B se propaguen a trav\u00e9s de los residuos hospitalarios (Coppinger, 1996).<\/p>\n<p style=\"text-align: justify;\">Tambi\u00e9n desde tiempos remotos, cuando se quemaban los cad\u00e1veres de las v\u00edctimas de alguna epidemia, se ha asumido que la incineraci\u00f3n es la manera m\u00e1s eficaz de librarse totalmente de cualquier riesgo de contagio o propagaci\u00f3n de una enfermedad.<\/p>\n<p style=\"text-align: justify;\">Es as\u00ed que la preocupaci\u00f3n por el destino de los residuos hospitalarios, sumada a las nuevas legislaciones que llaman a tratar esos desechos, conforman un ambiente \u00f3ptimo para el surgimiento y la proliferaci\u00f3n de empresas y consultores que ofrecen, a modo de soluci\u00f3n a funcionarios y hospitales, \"las m\u00e1s modernas tecnolog\u00edas de incineraci\u00f3n\" para ser instaladas de manera centralizada en municipios o provincias.<br \/>Pero el funcionamiento de incineradores de residuos hospitalarios para su tratamiento ha logrado que nunca haya sido m\u00e1s apropiado el popular dicho de que \"el remedio es peor que la enfermedad\", debido a las t\u00f3xicas emisiones que provienen a\u00fan de los que emplean la \"m\u00e1s moderna tecnolog\u00eda\".<\/p>\n<p><a href=\"http:\/\/www.anfibiotgr.cl\/web\/wp-content\/uploads\/2016\/12\/La-Incineraci\u00f3n-de-Residuos-Hospitalarios.pdf\" target=\"_blank\">Descargar para continuar la lectura<\/a><\/p>\n<\/div>\n<\/div><\/div><div id=\"panel-1113-0-0-7\" class=\"so-panel widget widget_sow-editor panel-last-child\" data-index=\"7\" ><div\n\t\t\t\n\t\t\tclass=\"so-widget-sow-editor so-widget-sow-editor-base\"\n\t\t\t\n\t\t>\n<div class=\"siteorigin-widget-tinymce textwidget\">\n\t<p><strong>Alternativas <img loading=\"lazy\" decoding=\"async\" class=\"size-full wp-image-1167 alignleft\" src=\"http:\/\/www.anfibiotgr.cl\/web\/wp-content\/uploads\/2016\/12\/logo-ecoportal.png\" alt=\"logo-ecoportal\" width=\"222\" height=\"79\" \/>al Cloro - Incineraci\u00f3n de residuos hospitalarios<br \/>(EcoPortal.net \/ Greenpeace)<\/strong><\/p>\n<p style=\"text-align: justify;\">El PVC o vinilo constituye la principal fuente de cloro en las incineradoras de residuos hospitalarios, y se encuentra principalmente en productos hospitalarios y embalajes. Aproximadamente el 9.4% de todos los residuos infecciosos son de PVC. Las incineradoras de residuos hospitalarios representan una de las mayores fuentes de dioxinas, por ello algunos pa\u00edses est\u00e1n aplicando medidas restrictivas a este sistema de tratamiento de los residuos. Como consecuencia muchos hospitales han cerrado sus propios hornos incineradores y env\u00edan sus residuos a incineradoras con m\u00e1s dispositivos de control de la contaminaci\u00f3n.\u00a0Sin embargo, \u00e9sta tampoco representa la soluci\u00f3n adecuada. Existen tratamientos de eliminaci\u00f3n para el 99,7% de los residuos hospitalarios que no generan dioxinas. Cada vez son m\u00e1s los hospitales de Austria, Alemania y Dinamarca que deciden reducir la cantidad y la naturaleza de sus residuos, empleando productos hospitalarios reutilizables que se pueden esterilizar<\/p>\n<p>\u00a0<\/p>\n<p><a href=\"http:\/\/www.ecoportal.net\/Temas-Especiales\/Basura-Residuos\/Alternativas_a_la_incineracion_de_residuos_hospitalarios\" target=\"_blank\">Descargar para continuar la lectura<\/a><\/p>\n<\/div>\n<\/div><\/div><\/div><\/div><\/div>","protected":false},"excerpt":{"rendered":"<p>Anfibio presentar\u00e1 en esta secci\u00f3n una serie de estudios y lecturas relacionados al Manejo de Residuos, tales como beneficios del uso de tecnolog\u00edas limpias por sobre los m\u00e9todos\u00a0usuales de tratamiento, experiencias de establecimientos generadores, estudios formales de accidentabilidad, noticias, entre otros.\u00a0 Incineraci\u00f3n de Residuos Hospitalarios, Farmac\u00e9uticos y Peligrosos. Riesgos para la Salud .(Dr. Andrei N. [&hellip;]<\/p>\n","protected":false},"author":2,"featured_media":0,"parent":0,"menu_order":0,"comment_status":"closed","ping_status":"closed","template":"","meta":{"footnotes":""},"class_list":["post-1113","page","type-page","status-publish","hentry"],"_links":{"self":[{"href":"https:\/\/www.anfibiotgr.cl\/web\/wp-json\/wp\/v2\/pages\/1113","targetHints":{"allow":["GET"]}}],"collection":[{"href":"https:\/\/www.anfibiotgr.cl\/web\/wp-json\/wp\/v2\/pages"}],"about":[{"href":"https:\/\/www.anfibiotgr.cl\/web\/wp-json\/wp\/v2\/types\/page"}],"author":[{"embeddable":true,"href":"https:\/\/www.anfibiotgr.cl\/web\/wp-json\/wp\/v2\/users\/2"}],"replies":[{"embeddable":true,"href":"https:\/\/www.anfibiotgr.cl\/web\/wp-json\/wp\/v2\/comments?post=1113"}],"version-history":[{"count":25,"href":"https:\/\/www.anfibiotgr.cl\/web\/wp-json\/wp\/v2\/pages\/1113\/revisions"}],"predecessor-version":[{"id":1172,"href":"https:\/\/www.anfibiotgr.cl\/web\/wp-json\/wp\/v2\/pages\/1113\/revisions\/1172"}],"wp:attachment":[{"href":"https:\/\/www.anfibiotgr.cl\/web\/wp-json\/wp\/v2\/media?parent=1113"}],"curies":[{"name":"wp","href":"https:\/\/api.w.org\/{rel}","templated":true}]}}